{"id":9705,"date":"2022-07-25T15:39:46","date_gmt":"2022-07-25T18:39:46","guid":{"rendered":"https:\/\/distribuidoradelcampo.com.ar\/catalogo\/?post_type=product&#038;p=9705"},"modified":"2026-03-12T12:27:00","modified_gmt":"2026-03-12T15:27:00","slug":"green-mills-galletitas-de-avena-y-semillas-250gr","status":"publish","type":"product","link":"https:\/\/distribuidoradelcampo.com.ar\/catalogo\/producto\/green-mills-galletitas-de-avena-y-semillas-250gr\/","title":{"rendered":"GREEN MILLS, galletitas de Avena y semillas, 250g"},"content":{"rendered":"<div class=\"product media\"><b>Galletitas de Avena y Mix de Semillas Green Mills x 250 g<\/b><\/div>\n<div class=\"product info detailed \">\n<div class=\"product data items \" role=\"tablist\">\n<div id=\"description\" class=\"data item content\" role=\"tabpanel\" data-role=\"content\" aria-labelledby=\"tab-label-description\" aria-hidden=\"false\">\n<div class=\"product attribute description\">\n<div class=\"value\">\n<p>Deliciosas galletitas r\u00fasticas con avena y semillas. Sin lactosa.<\/p>\n<p><b>MARCA:\u00a0<\/b>Green mills<\/p>\n<p><b>ORIGEN:\u00a0<\/b>Argentina<\/p>\n<p><b>Beneficios:<\/b>\u00a0Galletitas dulces con bajo porcentaje de grasas saturadas, 0% grasas trans y mayor contenido de grasas insaturadas (omega 3-6-9). Sin conservantes ni colorantes. Al no contener leche en sus ingredientes, son ideales para personas con intolerancia a la lactosa.<\/p>\n<p><b>Usos \/ Preparaci\u00f3n:<\/b>\u00a0Opci\u00f3n pr\u00e1ctica para merienda o desayuno.<\/p>\n<p><b>Ingredientes:\u00a0<\/b>Harina de trigo enriquecida ley 25630 (sulfato ferroso, niacina, vitamina B1, \u00e1cido f\u00f3lico, vitamina B2), avena gruesa, az\u00facar, aceite vegetal, huevos en polvo, mix de semillas (lino, girasol, s\u00e9samo integral y ch\u00eda), esencia artificial de vainilla. CONTIENE GLUTEN. PUEDE CONTENER TRAZAS DE SOJA O MAN\u00cd<\/p>\n<p><b>Valor Nutricional:\u00a0<\/b>Porci\u00f3n: 33 g (7 galletitas); Valor energ\u00e9tico: 163 kcal= 684 kJ (8% VD*); Carbohidratos: 23g (8% VD); Prote\u00ednas: 2,9g (4% VD); Grasas totales: 6,6g (12% VD); Grasas saturadas: 0,7g (3% VD); Grasas trans: 0g; Fibra alimentaria: 1,3mg (5% VD); Sodio: 6,1mg (0% VD); * % Valores Diarios con base a una dieta de 2.000 kcal u 8.400 kJ. Sus valores diarios pueden ser mayores o menores dependiendo de sus necesidades energ\u00e9ticas.<\/p>\n<\/div>\n<\/div>\n<\/div>\n<\/div>\n<\/div>\n","protected":false},"excerpt":{"rendered":"<p>Galletitas de Avena y Mix de Semillas Green Mills x 250 g Deliciosas galletitas r\u00fasticas con avena y semillas. Sin lactosa. MARCA:\u00a0Green mills ORIGEN:\u00a0Argentina Beneficios:\u00a0Galletitas dulces con bajo porcentaje de grasas saturadas, 0% grasas trans y mayor contenido de grasas insaturadas (omega 3-6-9). Sin conservantes ni colorantes. Al no contener leche en sus ingredientes, son [&hellip;]<\/p>\n","protected":false},"featured_media":9709,"comment_status":"closed","ping_status":"closed","template":"","meta":[],"product_brand":[887],"product_cat":[123,46,145,400,70],"product_tag":[82,641,125,654,523,655,435],"class_list":{"0":"post-9705","1":"product","2":"type-product","3":"status-publish","4":"has-post-thumbnail","6":"product_brand-molens-green-mills","7":"product_cat-galletitas","8":"product_cat-harinas-y-legumbres","9":"product_cat-hot-sale","10":"product_cat-promos","11":"product_cat-tentaciones","12":"product_tag-avena","13":"product_tag-galletas","14":"product_tag-galletitas","15":"product_tag-green","16":"product_tag-green-mills","17":"product_tag-mills","18":"product_tag-molens","20":"first","21":"instock","22":"purchasable","23":"product-type-simple"},"_links":{"self":[{"href":"https:\/\/distribuidoradelcampo.com.ar\/catalogo\/wp-json\/wp\/v2\/product\/9705","targetHints":{"allow":["GET"]}}],"collection":[{"href":"https:\/\/distribuidoradelcampo.com.ar\/catalogo\/wp-json\/wp\/v2\/product"}],"about":[{"href":"https:\/\/distribuidoradelcampo.com.ar\/catalogo\/wp-json\/wp\/v2\/types\/product"}],"replies":[{"embeddable":true,"href":"https:\/\/distribuidoradelcampo.com.ar\/catalogo\/wp-json\/wp\/v2\/comments?post=9705"}],"version-history":[{"count":2,"href":"https:\/\/distribuidoradelcampo.com.ar\/catalogo\/wp-json\/wp\/v2\/product\/9705\/revisions"}],"predecessor-version":[{"id":16847,"href":"https:\/\/distribuidoradelcampo.com.ar\/catalogo\/wp-json\/wp\/v2\/product\/9705\/revisions\/16847"}],"wp:featuredmedia":[{"embeddable":true,"href":"https:\/\/distribuidoradelcampo.com.ar\/catalogo\/wp-json\/wp\/v2\/media\/9709"}],"wp:attachment":[{"href":"https:\/\/distribuidoradelcampo.com.ar\/catalogo\/wp-json\/wp\/v2\/media?parent=9705"}],"wp:term":[{"taxonomy":"product_brand","embeddable":true,"href":"https:\/\/distribuidoradelcampo.com.ar\/catalogo\/wp-json\/wp\/v2\/product_brand?post=9705"},{"taxonomy":"product_cat","embeddable":true,"href":"https:\/\/distribuidoradelcampo.com.ar\/catalogo\/wp-json\/wp\/v2\/product_cat?post=9705"},{"taxonomy":"product_tag","embeddable":true,"href":"https:\/\/distribuidoradelcampo.com.ar\/catalogo\/wp-json\/wp\/v2\/product_tag?post=9705"}],"curies":[{"name":"wp","href":"https:\/\/api.w.org\/{rel}","templated":true}]}}