{"id":9704,"date":"2022-07-25T15:38:03","date_gmt":"2022-07-25T18:38:03","guid":{"rendered":"https:\/\/distribuidoradelcampo.com.ar\/catalogo\/?post_type=product&#038;p=9704"},"modified":"2026-03-12T12:27:49","modified_gmt":"2026-03-12T15:27:49","slug":"green-mills-galletitas-de-avena-y-almendras-250gr","status":"publish","type":"product","link":"https:\/\/distribuidoradelcampo.com.ar\/catalogo\/producto\/green-mills-galletitas-de-avena-y-almendras-250gr\/","title":{"rendered":"GREEN MILLS, galletitas de Avena y almendras, 250gr."},"content":{"rendered":"<blockquote><p><b>Galletitas de Avena y Almendras Green Mills x 250 gr<\/b><\/p>\n<p>Galletitas dulces de avena y almendras<\/p>\n<p><b>MARCA:\u00a0<\/b>Green Mills<\/p>\n<p><b>ORIGEN:\u00a0<\/b>Argentina<\/p>\n<p><b>Usos:\u00a0<\/b>Ideales para consumir en desayunos, meriendas o como colaci\u00f3n.<\/p>\n<p><b>Ingredientes:\u00a0<\/b>Harina de trigo enriquecida ley 25630 (sulfato ferroso, niacina, vitamina B1, \u00e1cido f\u00f3lico, vitamina B2), avena gruesa, az\u00facar, aceite vegetal, huevos en polvo, almendras, casta\u00f1a de caj\u00fa, esencia artificial de vainilla, esencia artificial de almendras. Contiene gluten. Puede contener trazas de soja y man\u00ed.<\/p>\n<p><b>Valor Nutricional:\u00a0<\/b>Valor Energ\u00e9tico: 173Kcal=724Kj (9%VD); Carbohidratos: 22g(7%VD); Prote\u00ednas: 3,6g(5%VD); Grasas Totales: 7,8g(14%VD); Grasas Saturadas: 0,83g(4%VD); Grasas Trans: 0 g; Fibra Alimentaria: 1,9g(8%VD); Sodio: 6,3mg(0%VD); Porci\u00f3n: 50g (10 galletitas).<\/p>\n<p>* Los porcentajes de los valores diarios est\u00e1n basados en una dieta de 2000 kcal (8400 kJ). Sus valores diarios pueden ser mayores o menores dependiendo de sus necesidades energ\u00e9ticas.<\/p><\/blockquote>\n","protected":false},"excerpt":{"rendered":"<p>Galletitas de Avena y Almendras Green Mills x 250 gr Galletitas dulces de avena y almendras MARCA:\u00a0Green Mills ORIGEN:\u00a0Argentina Usos:\u00a0Ideales para consumir en desayunos, meriendas o como colaci\u00f3n. Ingredientes:\u00a0Harina de trigo enriquecida ley 25630 (sulfato ferroso, niacina, vitamina B1, \u00e1cido f\u00f3lico, vitamina B2), avena gruesa, az\u00facar, aceite vegetal, huevos en polvo, almendras, casta\u00f1a de caj\u00fa, [&hellip;]<\/p>\n","protected":false},"featured_media":9706,"comment_status":"closed","ping_status":"closed","template":"","meta":[],"product_brand":[887],"product_cat":[123,46,145,405,400,70],"product_tag":[82,641,125,654,523,655,435],"class_list":{"0":"post-9704","1":"product","2":"type-product","3":"status-publish","4":"has-post-thumbnail","6":"product_brand-molens-green-mills","7":"product_cat-galletitas","8":"product_cat-harinas-y-legumbres","9":"product_cat-hot-sale","10":"product_cat-pasas","11":"product_cat-promos","12":"product_cat-tentaciones","13":"product_tag-avena","14":"product_tag-galletas","15":"product_tag-galletitas","16":"product_tag-green","17":"product_tag-green-mills","18":"product_tag-mills","19":"product_tag-molens","21":"first","22":"instock","23":"purchasable","24":"product-type-simple"},"_links":{"self":[{"href":"https:\/\/distribuidoradelcampo.com.ar\/catalogo\/wp-json\/wp\/v2\/product\/9704","targetHints":{"allow":["GET"]}}],"collection":[{"href":"https:\/\/distribuidoradelcampo.com.ar\/catalogo\/wp-json\/wp\/v2\/product"}],"about":[{"href":"https:\/\/distribuidoradelcampo.com.ar\/catalogo\/wp-json\/wp\/v2\/types\/product"}],"replies":[{"embeddable":true,"href":"https:\/\/distribuidoradelcampo.com.ar\/catalogo\/wp-json\/wp\/v2\/comments?post=9704"}],"version-history":[{"count":1,"href":"https:\/\/distribuidoradelcampo.com.ar\/catalogo\/wp-json\/wp\/v2\/product\/9704\/revisions"}],"predecessor-version":[{"id":9708,"href":"https:\/\/distribuidoradelcampo.com.ar\/catalogo\/wp-json\/wp\/v2\/product\/9704\/revisions\/9708"}],"wp:featuredmedia":[{"embeddable":true,"href":"https:\/\/distribuidoradelcampo.com.ar\/catalogo\/wp-json\/wp\/v2\/media\/9706"}],"wp:attachment":[{"href":"https:\/\/distribuidoradelcampo.com.ar\/catalogo\/wp-json\/wp\/v2\/media?parent=9704"}],"wp:term":[{"taxonomy":"product_brand","embeddable":true,"href":"https:\/\/distribuidoradelcampo.com.ar\/catalogo\/wp-json\/wp\/v2\/product_brand?post=9704"},{"taxonomy":"product_cat","embeddable":true,"href":"https:\/\/distribuidoradelcampo.com.ar\/catalogo\/wp-json\/wp\/v2\/product_cat?post=9704"},{"taxonomy":"product_tag","embeddable":true,"href":"https:\/\/distribuidoradelcampo.com.ar\/catalogo\/wp-json\/wp\/v2\/product_tag?post=9704"}],"curies":[{"name":"wp","href":"https:\/\/api.w.org\/{rel}","templated":true}]}}