{"id":9703,"date":"2022-07-25T15:49:50","date_gmt":"2022-07-25T18:49:50","guid":{"rendered":"https:\/\/distribuidoradelcampo.com.ar\/catalogo\/?post_type=product&#038;p=9703"},"modified":"2026-03-12T12:25:26","modified_gmt":"2026-03-12T15:25:26","slug":"green-mills-galletitas-de-avena-y-chocolate-250gr","status":"publish","type":"product","link":"https:\/\/distribuidoradelcampo.com.ar\/catalogo\/producto\/green-mills-galletitas-de-avena-y-chocolate-250gr\/","title":{"rendered":"GREEN MILLS, galletitas de Avena y chocolate, 250g"},"content":{"rendered":"<blockquote><p><b>Galletitas Green Mills Avena Y Chocolate x 250 gr.<\/b><\/p>\n<p>Deliciosas galletitas a base de avena y chocolate.<\/p>\n<p><b>MARCA:\u00a0<\/b>Green Mills<\/p>\n<p><b>ORIGEN:\u00a0<\/b>Argentina<\/p>\n<p><b>Beneficios:\u00a0<\/b>Galletitas con muy bajo contenido en sodio, aporte de aceites cardioprotectores, fibra y prote\u00ednas.<\/p>\n<p><b>Usos \/ Preparaci\u00f3n:<\/b>\u00a0Ideal para incorporar en el desayuno, merienda, incluso como colaci\u00f3n. Para acompa\u00f1ar con t\u00e9, mate, leche, chocolatada o bebidas vegetales.<\/p>\n<p><b>Ingredientes:\u00a0<\/b>Harina de trigo enriquecida ley 25630 (sulfato ferroso, niacina, vitamina B1,\u00e1cido f\u00f3lico, vitamina B2), avena gruesa, az\u00facar, aceite vegetal, huevos en polvo, chips de chocolate, esencia artificial de vainilla.<\/p>\n<p><b>Valor Nutricional:\u00a0<\/b>Valor Energ\u00e9tico: 165 Kcal=690Kj(8%VD); Carbohidratos: 22g(7%VD); Prote\u00ednas: 2,8g(4%VD)g; Grasas Totales: 7,3g(13%VD); Grasas Saturadas: 0,72g(3%VD); Grasas Trans: 0 g; Fibra Alimentaria: 1,1g (4%VD); Sodio: 7,5 mg(0%VD); Porci\u00f3n: 50g (10 galletitas).<\/p>\n<p>* % Valores Diarios con base a una dieta de 2.000 kcal u 8.400 kJ. Sus valores diarios pueden ser mayores o menores dependiendo de sus necesidades energ\u00e9ticas<\/p><\/blockquote>\n","protected":false},"excerpt":{"rendered":"<p>Galletitas Green Mills Avena Y Chocolate x 250 gr. Deliciosas galletitas a base de avena y chocolate. MARCA:\u00a0Green Mills ORIGEN:\u00a0Argentina Beneficios:\u00a0Galletitas con muy bajo contenido en sodio, aporte de aceites cardioprotectores, fibra y prote\u00ednas. Usos \/ Preparaci\u00f3n:\u00a0Ideal para incorporar en el desayuno, merienda, incluso como colaci\u00f3n. Para acompa\u00f1ar con t\u00e9, mate, leche, chocolatada o bebidas [&hellip;]<\/p>\n","protected":false},"featured_media":9717,"comment_status":"closed","ping_status":"closed","template":"","meta":[],"product_brand":[887],"product_cat":[123,46,145,405,400,70],"product_tag":[82,641,125,654,523,655,435],"class_list":{"0":"post-9703","1":"product","2":"type-product","3":"status-publish","4":"has-post-thumbnail","6":"product_brand-molens-green-mills","7":"product_cat-galletitas","8":"product_cat-harinas-y-legumbres","9":"product_cat-hot-sale","10":"product_cat-pasas","11":"product_cat-promos","12":"product_cat-tentaciones","13":"product_tag-avena","14":"product_tag-galletas","15":"product_tag-galletitas","16":"product_tag-green","17":"product_tag-green-mills","18":"product_tag-mills","19":"product_tag-molens","21":"first","22":"instock","23":"purchasable","24":"product-type-simple"},"_links":{"self":[{"href":"https:\/\/distribuidoradelcampo.com.ar\/catalogo\/wp-json\/wp\/v2\/product\/9703","targetHints":{"allow":["GET"]}}],"collection":[{"href":"https:\/\/distribuidoradelcampo.com.ar\/catalogo\/wp-json\/wp\/v2\/product"}],"about":[{"href":"https:\/\/distribuidoradelcampo.com.ar\/catalogo\/wp-json\/wp\/v2\/types\/product"}],"replies":[{"embeddable":true,"href":"https:\/\/distribuidoradelcampo.com.ar\/catalogo\/wp-json\/wp\/v2\/comments?post=9703"}],"version-history":[{"count":2,"href":"https:\/\/distribuidoradelcampo.com.ar\/catalogo\/wp-json\/wp\/v2\/product\/9703\/revisions"}],"predecessor-version":[{"id":16845,"href":"https:\/\/distribuidoradelcampo.com.ar\/catalogo\/wp-json\/wp\/v2\/product\/9703\/revisions\/16845"}],"wp:featuredmedia":[{"embeddable":true,"href":"https:\/\/distribuidoradelcampo.com.ar\/catalogo\/wp-json\/wp\/v2\/media\/9717"}],"wp:attachment":[{"href":"https:\/\/distribuidoradelcampo.com.ar\/catalogo\/wp-json\/wp\/v2\/media?parent=9703"}],"wp:term":[{"taxonomy":"product_brand","embeddable":true,"href":"https:\/\/distribuidoradelcampo.com.ar\/catalogo\/wp-json\/wp\/v2\/product_brand?post=9703"},{"taxonomy":"product_cat","embeddable":true,"href":"https:\/\/distribuidoradelcampo.com.ar\/catalogo\/wp-json\/wp\/v2\/product_cat?post=9703"},{"taxonomy":"product_tag","embeddable":true,"href":"https:\/\/distribuidoradelcampo.com.ar\/catalogo\/wp-json\/wp\/v2\/product_tag?post=9703"}],"curies":[{"name":"wp","href":"https:\/\/api.w.org\/{rel}","templated":true}]}}