{"id":3432,"date":"2020-11-23T17:12:19","date_gmt":"2020-11-23T20:12:19","guid":{"rendered":"https:\/\/distribuidoradelcampo.com.ar\/catalogo\/?post_type=product&#038;p=3432"},"modified":"2026-01-30T10:59:57","modified_gmt":"2026-01-30T13:59:57","slug":"muecas-banana-y-dulce-de-leche-50g","status":"publish","type":"product","link":"https:\/\/distribuidoradelcampo.com.ar\/catalogo\/producto\/muecas-banana-y-dulce-de-leche-50g\/","title":{"rendered":"MUECAS, banana y dulce de leche, 16u"},"content":{"rendered":"<p>Muecas es una marca urbana y saludable creada para que puedas disfrutarla en cualquier momento del d\u00eda. Nuestro compromiso es dise\u00f1ar alimentos honestos y confiables que puedan acompa\u00f1arte cuando la rutina no te permita preparar tus comidas.<\/p>\n<p>Creemos en disfrutar la vida al aire libre y cualquier actividad que enriquezca el bienestar de la mente y el cuerpo. Muecas es rico y saludable. Muecas te acompa\u00f1a.<\/p>\n","protected":false},"excerpt":{"rendered":"<p>Muecas es una marca urbana y saludable creada para que puedas disfrutarla en cualquier momento del d\u00eda. Nuestro compromiso es dise\u00f1ar alimentos honestos y confiables que puedan acompa\u00f1arte cuando la rutina no te permita preparar tus comidas. Creemos en disfrutar la vida al aire libre y cualquier actividad que enriquezca el bienestar de la mente [&hellip;]<\/p>\n","protected":false},"featured_media":3433,"comment_status":"closed","ping_status":"closed","template":"","meta":[],"product_brand":[903],"product_cat":[199],"product_tag":[24,200,276,315,318],"class_list":{"0":"post-3432","1":"product","2":"type-product","3":"status-publish","4":"has-post-thumbnail","6":"product_brand-muecas","7":"product_cat-barritas","8":"product_tag-arandanos","9":"product_tag-barrita","10":"product_tag-manzana","11":"product_tag-muecas","12":"product_tag-nueces","14":"first","15":"instock","16":"purchasable","17":"product-type-simple"},"_links":{"self":[{"href":"https:\/\/distribuidoradelcampo.com.ar\/catalogo\/wp-json\/wp\/v2\/product\/3432","targetHints":{"allow":["GET"]}}],"collection":[{"href":"https:\/\/distribuidoradelcampo.com.ar\/catalogo\/wp-json\/wp\/v2\/product"}],"about":[{"href":"https:\/\/distribuidoradelcampo.com.ar\/catalogo\/wp-json\/wp\/v2\/types\/product"}],"replies":[{"embeddable":true,"href":"https:\/\/distribuidoradelcampo.com.ar\/catalogo\/wp-json\/wp\/v2\/comments?post=3432"}],"version-history":[{"count":4,"href":"https:\/\/distribuidoradelcampo.com.ar\/catalogo\/wp-json\/wp\/v2\/product\/3432\/revisions"}],"predecessor-version":[{"id":15950,"href":"https:\/\/distribuidoradelcampo.com.ar\/catalogo\/wp-json\/wp\/v2\/product\/3432\/revisions\/15950"}],"wp:featuredmedia":[{"embeddable":true,"href":"https:\/\/distribuidoradelcampo.com.ar\/catalogo\/wp-json\/wp\/v2\/media\/3433"}],"wp:attachment":[{"href":"https:\/\/distribuidoradelcampo.com.ar\/catalogo\/wp-json\/wp\/v2\/media?parent=3432"}],"wp:term":[{"taxonomy":"product_brand","embeddable":true,"href":"https:\/\/distribuidoradelcampo.com.ar\/catalogo\/wp-json\/wp\/v2\/product_brand?post=3432"},{"taxonomy":"product_cat","embeddable":true,"href":"https:\/\/distribuidoradelcampo.com.ar\/catalogo\/wp-json\/wp\/v2\/product_cat?post=3432"},{"taxonomy":"product_tag","embeddable":true,"href":"https:\/\/distribuidoradelcampo.com.ar\/catalogo\/wp-json\/wp\/v2\/product_tag?post=3432"}],"curies":[{"name":"wp","href":"https:\/\/api.w.org\/{rel}","templated":true}]}}