{"id":2467,"date":"2020-11-02T12:54:14","date_gmt":"2020-11-02T15:54:14","guid":{"rendered":"https:\/\/distribuidoradelcampo.com.ar\/catalogo\/producto\/import-placeholder-for-3860\/"},"modified":"2026-01-19T12:46:51","modified_gmt":"2026-01-19T15:46:51","slug":"cristo-de-los-cerros-berenjenas-en-escabeche-310g","status":"publish","type":"product","link":"https:\/\/distribuidoradelcampo.com.ar\/catalogo\/producto\/cristo-de-los-cerros-berenjenas-en-escabeche-310g\/","title":{"rendered":"CRISTO DE LOS CERROS, Berenjenas en Escabeche, 350g"},"content":{"rendered":"<p><u>B<\/u>erenjenas, aceite de girasol, vinagre de alcohol, sal, aj\u00ed molido, ajo, or\u00e9gano, laurel, morr\u00f3n, piment\u00f3n. SIN CONSERVANTES. VEGANO.<\/p>\n","protected":false},"excerpt":{"rendered":"<p>Berenjenas, aceite de girasol, vinagre de alcohol, sal, aj\u00ed molido, ajo, or\u00e9gano, laurel, morr\u00f3n, piment\u00f3n. SIN CONSERVANTES. VEGANO.<\/p>\n","protected":false},"featured_media":2506,"comment_status":"closed","ping_status":"closed","template":"","meta":[],"product_brand":[868],"product_cat":[413,70,401],"product_tag":[600,445,601],"class_list":{"0":"post-2467","1":"product","2":"type-product","3":"status-publish","4":"has-post-thumbnail","6":"product_brand-alcaraz","7":"product_cat-encurtidos","8":"product_cat-tentaciones","9":"product_cat-veggie","10":"product_tag-berenjenas","11":"product_tag-cristo-de-los-cerros","12":"product_tag-escabeche","14":"first","15":"instock","16":"purchasable","17":"product-type-simple"},"_links":{"self":[{"href":"https:\/\/distribuidoradelcampo.com.ar\/catalogo\/wp-json\/wp\/v2\/product\/2467","targetHints":{"allow":["GET"]}}],"collection":[{"href":"https:\/\/distribuidoradelcampo.com.ar\/catalogo\/wp-json\/wp\/v2\/product"}],"about":[{"href":"https:\/\/distribuidoradelcampo.com.ar\/catalogo\/wp-json\/wp\/v2\/types\/product"}],"replies":[{"embeddable":true,"href":"https:\/\/distribuidoradelcampo.com.ar\/catalogo\/wp-json\/wp\/v2\/comments?post=2467"}],"version-history":[{"count":7,"href":"https:\/\/distribuidoradelcampo.com.ar\/catalogo\/wp-json\/wp\/v2\/product\/2467\/revisions"}],"predecessor-version":[{"id":15080,"href":"https:\/\/distribuidoradelcampo.com.ar\/catalogo\/wp-json\/wp\/v2\/product\/2467\/revisions\/15080"}],"wp:featuredmedia":[{"embeddable":true,"href":"https:\/\/distribuidoradelcampo.com.ar\/catalogo\/wp-json\/wp\/v2\/media\/2506"}],"wp:attachment":[{"href":"https:\/\/distribuidoradelcampo.com.ar\/catalogo\/wp-json\/wp\/v2\/media?parent=2467"}],"wp:term":[{"taxonomy":"product_brand","embeddable":true,"href":"https:\/\/distribuidoradelcampo.com.ar\/catalogo\/wp-json\/wp\/v2\/product_brand?post=2467"},{"taxonomy":"product_cat","embeddable":true,"href":"https:\/\/distribuidoradelcampo.com.ar\/catalogo\/wp-json\/wp\/v2\/product_cat?post=2467"},{"taxonomy":"product_tag","embeddable":true,"href":"https:\/\/distribuidoradelcampo.com.ar\/catalogo\/wp-json\/wp\/v2\/product_tag?post=2467"}],"curies":[{"name":"wp","href":"https:\/\/api.w.org\/{rel}","templated":true}]}}