{"id":2053,"date":"2020-11-02T12:52:21","date_gmt":"2020-11-02T15:52:21","guid":{"rendered":"https:\/\/distribuidoradelcampo.com.ar\/catalogo\/producto\/import-placeholder-for-1228\/"},"modified":"2026-01-19T13:18:33","modified_gmt":"2026-01-19T16:18:33","slug":"dicomere-harina-de-algarroba-200g-sin-tacc","status":"publish","type":"product","link":"https:\/\/distribuidoradelcampo.com.ar\/catalogo\/producto\/dicomere-harina-de-algarroba-200g-sin-tacc\/","title":{"rendered":"DICOMERE, Harina de Algarroba, 200g, SIN TACC."},"content":{"rendered":"<p>Excelente fuente de fibras, prote\u00ednas y minerales.<br \/>\nVegano.<br \/>\nSin az\u00facar agregada.<br \/>\nSin TACC.<br \/>\nBajo \u00edndice gluc\u00e9mico.<\/p>\n","protected":false},"excerpt":{"rendered":"<p>Excelente fuente de fibras, prote\u00ednas y minerales. Vegano. Sin az\u00facar agregada. Sin TACC. Bajo \u00edndice gluc\u00e9mico.<\/p>\n","protected":false},"featured_media":502,"comment_status":"closed","ping_status":"closed","template":"","meta":[],"product_brand":[880],"product_cat":[67,399,398,401],"product_tag":[91,195,68,41],"class_list":{"0":"post-2053","1":"product","2":"type-product","3":"status-publish","4":"has-post-thumbnail","6":"product_brand-dicomere","7":"product_cat-harinas","8":"product_cat-sin-azucar-agregada","9":"product_cat-sin-tacc","10":"product_cat-veggie","11":"product_tag-algarroba","12":"product_tag-dicomere","13":"product_tag-harina","14":"product_tag-sin-tacc","16":"first","17":"instock","18":"purchasable","19":"product-type-simple"},"_links":{"self":[{"href":"https:\/\/distribuidoradelcampo.com.ar\/catalogo\/wp-json\/wp\/v2\/product\/2053","targetHints":{"allow":["GET"]}}],"collection":[{"href":"https:\/\/distribuidoradelcampo.com.ar\/catalogo\/wp-json\/wp\/v2\/product"}],"about":[{"href":"https:\/\/distribuidoradelcampo.com.ar\/catalogo\/wp-json\/wp\/v2\/types\/product"}],"replies":[{"embeddable":true,"href":"https:\/\/distribuidoradelcampo.com.ar\/catalogo\/wp-json\/wp\/v2\/comments?post=2053"}],"version-history":[{"count":3,"href":"https:\/\/distribuidoradelcampo.com.ar\/catalogo\/wp-json\/wp\/v2\/product\/2053\/revisions"}],"predecessor-version":[{"id":16673,"href":"https:\/\/distribuidoradelcampo.com.ar\/catalogo\/wp-json\/wp\/v2\/product\/2053\/revisions\/16673"}],"wp:featuredmedia":[{"embeddable":true,"href":"https:\/\/distribuidoradelcampo.com.ar\/catalogo\/wp-json\/wp\/v2\/media\/502"}],"wp:attachment":[{"href":"https:\/\/distribuidoradelcampo.com.ar\/catalogo\/wp-json\/wp\/v2\/media?parent=2053"}],"wp:term":[{"taxonomy":"product_brand","embeddable":true,"href":"https:\/\/distribuidoradelcampo.com.ar\/catalogo\/wp-json\/wp\/v2\/product_brand?post=2053"},{"taxonomy":"product_cat","embeddable":true,"href":"https:\/\/distribuidoradelcampo.com.ar\/catalogo\/wp-json\/wp\/v2\/product_cat?post=2053"},{"taxonomy":"product_tag","embeddable":true,"href":"https:\/\/distribuidoradelcampo.com.ar\/catalogo\/wp-json\/wp\/v2\/product_tag?post=2053"}],"curies":[{"name":"wp","href":"https:\/\/api.w.org\/{rel}","templated":true}]}}