{"id":2052,"date":"2020-11-02T12:52:16","date_gmt":"2020-11-02T15:52:16","guid":{"rendered":"https:\/\/distribuidoradelcampo.com.ar\/catalogo\/producto\/import-placeholder-for-1226\/"},"modified":"2026-02-24T11:04:26","modified_gmt":"2026-02-24T14:04:26","slug":"ledevit-crema-no-lactea-450g-sin-tacc","status":"publish","type":"product","link":"https:\/\/distribuidoradelcampo.com.ar\/catalogo\/producto\/ledevit-crema-no-lactea-450g-sin-tacc\/","title":{"rendered":"Ledevit, crema no l\u00e1ctea, 450g. SIN TACC."},"content":{"rendered":"<h1 class=\"prod-title\">Crema Base No L\u00e1ctea<\/h1>\n<h4 class=\"prod-desc\">SIN leche ni sus derivados, SIN gluten, SIN soja, SIN colesterol, SIN ingredientes de origen animal.<\/h4>\n<h4 class=\"prod-desc\">Cremas listas para batir, ideales para una nueva pasteler\u00eda m\u00e1s \u00e1gil, m\u00e1s productiva y m\u00e1s pr\u00e1ctica.<\/h4>\n<div class=\"prod-detail\">\n<div class=\"un-medio\">\n<div class=\"contenedor\">\n<p>Se destacan por la personalidad de sus sabores, excelente textura y aspecto, con un gran desarrollo de volumen. Ofrecen estabilidad y duraci\u00f3n en el postre. Son ideales para: rellenar, cubrir y decorar todo tipo de tortas, postres y masas finas. Pueden freezarse.<\/p>\n<\/div>\n<\/div>\n<\/div>\n","protected":false},"excerpt":{"rendered":"<p>Crema Base No L\u00e1ctea SIN leche ni sus derivados, SIN gluten, SIN soja, SIN colesterol, SIN ingredientes de origen animal. Cremas listas para batir, ideales para una nueva pasteler\u00eda m\u00e1s \u00e1gil, m\u00e1s productiva y m\u00e1s pr\u00e1ctica. Se destacan por la personalidad de sus sabores, excelente textura y aspecto, con un gran desarrollo de volumen. Ofrecen [&hellip;]<\/p>\n","protected":false},"featured_media":501,"comment_status":"closed","ping_status":"closed","template":"","meta":[],"product_brand":[900],"product_cat":[92,398,401],"product_tag":[266,267,268,41],"class_list":{"0":"post-2052","1":"product","2":"type-product","3":"status-publish","4":"has-post-thumbnail","6":"product_brand-ledevit","7":"product_cat-bebidas","8":"product_cat-sin-tacc","9":"product_cat-veggie","10":"product_tag-crema","11":"product_tag-ledevit","12":"product_tag-no-lactea","13":"product_tag-sin-tacc","15":"first","16":"instock","17":"purchasable","18":"product-type-simple"},"_links":{"self":[{"href":"https:\/\/distribuidoradelcampo.com.ar\/catalogo\/wp-json\/wp\/v2\/product\/2052","targetHints":{"allow":["GET"]}}],"collection":[{"href":"https:\/\/distribuidoradelcampo.com.ar\/catalogo\/wp-json\/wp\/v2\/product"}],"about":[{"href":"https:\/\/distribuidoradelcampo.com.ar\/catalogo\/wp-json\/wp\/v2\/types\/product"}],"replies":[{"embeddable":true,"href":"https:\/\/distribuidoradelcampo.com.ar\/catalogo\/wp-json\/wp\/v2\/comments?post=2052"}],"version-history":[{"count":1,"href":"https:\/\/distribuidoradelcampo.com.ar\/catalogo\/wp-json\/wp\/v2\/product\/2052\/revisions"}],"predecessor-version":[{"id":2853,"href":"https:\/\/distribuidoradelcampo.com.ar\/catalogo\/wp-json\/wp\/v2\/product\/2052\/revisions\/2853"}],"wp:featuredmedia":[{"embeddable":true,"href":"https:\/\/distribuidoradelcampo.com.ar\/catalogo\/wp-json\/wp\/v2\/media\/501"}],"wp:attachment":[{"href":"https:\/\/distribuidoradelcampo.com.ar\/catalogo\/wp-json\/wp\/v2\/media?parent=2052"}],"wp:term":[{"taxonomy":"product_brand","embeddable":true,"href":"https:\/\/distribuidoradelcampo.com.ar\/catalogo\/wp-json\/wp\/v2\/product_brand?post=2052"},{"taxonomy":"product_cat","embeddable":true,"href":"https:\/\/distribuidoradelcampo.com.ar\/catalogo\/wp-json\/wp\/v2\/product_cat?post=2052"},{"taxonomy":"product_tag","embeddable":true,"href":"https:\/\/distribuidoradelcampo.com.ar\/catalogo\/wp-json\/wp\/v2\/product_tag?post=2052"}],"curies":[{"name":"wp","href":"https:\/\/api.w.org\/{rel}","templated":true}]}}