{"id":2011,"date":"2020-11-02T12:52:04","date_gmt":"2020-11-02T15:52:04","guid":{"rendered":"https:\/\/distribuidoradelcampo.com.ar\/catalogo\/producto\/import-placeholder-for-1040\/"},"modified":"2026-04-01T12:15:00","modified_gmt":"2026-04-01T15:15:00","slug":"brota-bolsa-reutilizable-para-germinados-y-leches-veganas-1-unidad","status":"publish","type":"product","link":"https:\/\/distribuidoradelcampo.com.ar\/catalogo\/producto\/brota-bolsa-reutilizable-para-germinados-y-leches-veganas-1-unidad\/","title":{"rendered":"BROTA!, bolsa para germinados y leches veganas, 1 unidad."},"content":{"rendered":"<p><strong>Las Bolsas\u00a0Brota!\u00a0son bolsas para hacer vos mismo germinados, brotes y leches de nueces y semillas!!!<\/strong><\/p>\n<p><b>\u00a0Ideales tambi\u00e9n para filtrar wheatgrass !!<\/b><\/p>\n<ul>\n<li>\n<div align=\"LEFT\">Duradera,\u00a0 higi\u00e9nica, resistente a manchas, f\u00e1cil de limpiar.<\/div>\n<\/li>\n<li>\n<div align=\"LEFT\">Su fina malla filtra el sedimento y permite germinar hasta las semillas y los granos m\u00e1s peque\u00f1os!<\/div>\n<\/li>\n<li>\n<div align=\"LEFT\">Dise\u00f1adas y cosidas artesanalmente. Te aseguran durabilidad, flexibilidad.<\/div>\n<\/li>\n<li>\n<div align=\"LEFT\">Son multiuso y las usas las veces que quieras. Se adaptan para colgar en cualquier lugar para su drenaje. Es buen\u00edsima para los viajes!! La podes colgar en cualquier rama, ganchito, o de tu mochila!<\/div>\n<\/li>\n<li>\n<div align=\"LEFT\">Esta bolsa para leches, jugos y germinados es\u00a0<b>reutilizable.\u00a0<\/b><\/div>\n<div align=\"LEFT\">La podes utilizar para leches vegetales, para hacer germinados y para filtrar tus jugos.<\/div>\n<\/li>\n<li>\n<div><strong>Las\u00a0Bolsas\u00a0<\/strong><strong>Brota<\/strong><strong>!\u00a0<\/strong><strong>\u00a0cuidan nuestra tierra, ya que las podes usar y re usar las veces que quieras,\u00a0tambi\u00e9n\u00a0son confeccionadas y cosidas en talleres socialmente responsables y libres de trabajo esclavo.\u00a0<\/strong><\/div>\n<div><b>Con tu compra estas apoyando a la\u00a0Asamblea Popular y Cooperativa de Trabajo \u00a0<\/b><b>&#8220;20 de Diciembre&#8221; , en Buenos Aires, en lucha por una sociedad sin esclavos ni excluidos.<\/b><\/div>\n<\/li>\n<\/ul>\n","protected":false},"excerpt":{"rendered":"<p>Las Bolsas\u00a0Brota!\u00a0son bolsas para hacer vos mismo germinados, brotes y leches de nueces y semillas!!! \u00a0Ideales tambi\u00e9n para filtrar wheatgrass !! Duradera,\u00a0 higi\u00e9nica, resistente a manchas, f\u00e1cil de limpiar. Su fina malla filtra el sedimento y permite germinar hasta las semillas y los granos m\u00e1s peque\u00f1os! Dise\u00f1adas y cosidas artesanalmente. Te aseguran durabilidad, flexibilidad. Son [&hellip;]<\/p>\n","protected":false},"featured_media":415,"comment_status":"closed","ping_status":"closed","template":"","meta":[],"product_brand":[873],"product_cat":[92],"product_tag":[230,231,232,69],"class_list":{"0":"post-2011","1":"product","2":"type-product","3":"status-publish","4":"has-post-thumbnail","6":"product_brand-bolsas-brota","7":"product_cat-bebidas","8":"product_tag-bolsa","9":"product_tag-brota","10":"product_tag-germinados","11":"product_tag-leche","13":"first","14":"instock","15":"purchasable","16":"product-type-simple"},"_links":{"self":[{"href":"https:\/\/distribuidoradelcampo.com.ar\/catalogo\/wp-json\/wp\/v2\/product\/2011","targetHints":{"allow":["GET"]}}],"collection":[{"href":"https:\/\/distribuidoradelcampo.com.ar\/catalogo\/wp-json\/wp\/v2\/product"}],"about":[{"href":"https:\/\/distribuidoradelcampo.com.ar\/catalogo\/wp-json\/wp\/v2\/types\/product"}],"replies":[{"embeddable":true,"href":"https:\/\/distribuidoradelcampo.com.ar\/catalogo\/wp-json\/wp\/v2\/comments?post=2011"}],"version-history":[{"count":5,"href":"https:\/\/distribuidoradelcampo.com.ar\/catalogo\/wp-json\/wp\/v2\/product\/2011\/revisions"}],"predecessor-version":[{"id":19569,"href":"https:\/\/distribuidoradelcampo.com.ar\/catalogo\/wp-json\/wp\/v2\/product\/2011\/revisions\/19569"}],"wp:featuredmedia":[{"embeddable":true,"href":"https:\/\/distribuidoradelcampo.com.ar\/catalogo\/wp-json\/wp\/v2\/media\/415"}],"wp:attachment":[{"href":"https:\/\/distribuidoradelcampo.com.ar\/catalogo\/wp-json\/wp\/v2\/media?parent=2011"}],"wp:term":[{"taxonomy":"product_brand","embeddable":true,"href":"https:\/\/distribuidoradelcampo.com.ar\/catalogo\/wp-json\/wp\/v2\/product_brand?post=2011"},{"taxonomy":"product_cat","embeddable":true,"href":"https:\/\/distribuidoradelcampo.com.ar\/catalogo\/wp-json\/wp\/v2\/product_cat?post=2011"},{"taxonomy":"product_tag","embeddable":true,"href":"https:\/\/distribuidoradelcampo.com.ar\/catalogo\/wp-json\/wp\/v2\/product_tag?post=2011"}],"curies":[{"name":"wp","href":"https:\/\/api.w.org\/{rel}","templated":true}]}}