{"id":2005,"date":"2020-11-02T12:52:04","date_gmt":"2020-11-02T15:52:04","guid":{"rendered":"https:\/\/distribuidoradelcampo.com.ar\/catalogo\/producto\/import-placeholder-for-1026\/"},"modified":"2026-01-19T13:18:41","modified_gmt":"2026-01-19T16:18:41","slug":"dicomere-azucar-organico-1-kilo","status":"publish","type":"product","link":"https:\/\/distribuidoradelcampo.com.ar\/catalogo\/producto\/dicomere-azucar-organico-1-kilo\/","title":{"rendered":"DICOMERE, Az\u00facar Org\u00e1nica, 1kg"},"content":{"rendered":"<p>Azucar org\u00e1nica. Libre de agrot\u00f3xicos.<br \/>\nSIN TACC. Org\u00e1nico certificado.<\/p>\n","protected":false},"excerpt":{"rendered":"<p>Azucar org\u00e1nica. Libre de agrot\u00f3xicos. SIN TACC. Org\u00e1nico certificado.<\/p>\n","protected":false},"featured_media":396,"comment_status":"closed","ping_status":"closed","template":"","meta":[],"product_brand":[880],"product_cat":[130,397,398],"product_tag":[573,18,195,32],"class_list":{"0":"post-2005","1":"product","2":"type-product","3":"status-publish","4":"has-post-thumbnail","6":"product_brand-dicomere","7":"product_cat-azucar","8":"product_cat-organicos","9":"product_cat-sin-tacc","10":"product_tag-1kg","11":"product_tag-azucar","12":"product_tag-dicomere","13":"product_tag-organico","15":"first","16":"instock","17":"purchasable","18":"product-type-simple"},"_links":{"self":[{"href":"https:\/\/distribuidoradelcampo.com.ar\/catalogo\/wp-json\/wp\/v2\/product\/2005","targetHints":{"allow":["GET"]}}],"collection":[{"href":"https:\/\/distribuidoradelcampo.com.ar\/catalogo\/wp-json\/wp\/v2\/product"}],"about":[{"href":"https:\/\/distribuidoradelcampo.com.ar\/catalogo\/wp-json\/wp\/v2\/types\/product"}],"replies":[{"embeddable":true,"href":"https:\/\/distribuidoradelcampo.com.ar\/catalogo\/wp-json\/wp\/v2\/comments?post=2005"}],"version-history":[{"count":2,"href":"https:\/\/distribuidoradelcampo.com.ar\/catalogo\/wp-json\/wp\/v2\/product\/2005\/revisions"}],"predecessor-version":[{"id":16863,"href":"https:\/\/distribuidoradelcampo.com.ar\/catalogo\/wp-json\/wp\/v2\/product\/2005\/revisions\/16863"}],"wp:featuredmedia":[{"embeddable":true,"href":"https:\/\/distribuidoradelcampo.com.ar\/catalogo\/wp-json\/wp\/v2\/media\/396"}],"wp:attachment":[{"href":"https:\/\/distribuidoradelcampo.com.ar\/catalogo\/wp-json\/wp\/v2\/media?parent=2005"}],"wp:term":[{"taxonomy":"product_brand","embeddable":true,"href":"https:\/\/distribuidoradelcampo.com.ar\/catalogo\/wp-json\/wp\/v2\/product_brand?post=2005"},{"taxonomy":"product_cat","embeddable":true,"href":"https:\/\/distribuidoradelcampo.com.ar\/catalogo\/wp-json\/wp\/v2\/product_cat?post=2005"},{"taxonomy":"product_tag","embeddable":true,"href":"https:\/\/distribuidoradelcampo.com.ar\/catalogo\/wp-json\/wp\/v2\/product_tag?post=2005"}],"curies":[{"name":"wp","href":"https:\/\/api.w.org\/{rel}","templated":true}]}}