{"id":1997,"date":"2020-11-02T12:52:03","date_gmt":"2020-11-02T15:52:03","guid":{"rendered":"https:\/\/distribuidoradelcampo.com.ar\/catalogo\/producto\/import-placeholder-for-987\/"},"modified":"2026-01-19T11:58:45","modified_gmt":"2026-01-19T14:58:45","slug":"beepure-azucar-organica-700g","status":"publish","type":"product","link":"https:\/\/distribuidoradelcampo.com.ar\/catalogo\/producto\/beepure-azucar-organica-700g\/","title":{"rendered":"BEEPURE, Az\u00facar Rubia Org\u00e1nica Ziploc, 700g"},"content":{"rendered":"<p>El az\u00facar rubia BEEPURE tiene el sello org\u00e1nico, el cual garantiza una producci\u00f3n sin fertilizantes ni pesticidas, en armon\u00eda con el medio ambiente. Est\u00e1 certificada por Food Safety SA.<\/p>\n","protected":false},"excerpt":{"rendered":"<p>El az\u00facar rubia BEEPURE tiene el sello org\u00e1nico, el cual garantiza una producci\u00f3n sin fertilizantes ni pesticidas, en armon\u00eda con el medio ambiente. Est\u00e1 certificada por Food Safety SA.<\/p>\n","protected":false},"featured_media":388,"comment_status":"closed","ping_status":"closed","template":"","meta":[],"product_brand":[871],"product_cat":[130,397],"product_tag":[18,29,31],"class_list":{"0":"post-1997","1":"product","2":"type-product","3":"status-publish","4":"has-post-thumbnail","6":"product_brand-beepure","7":"product_cat-azucar","8":"product_cat-organicos","9":"product_tag-azucar","10":"product_tag-beepure","11":"product_tag-organica","13":"first","14":"instock","15":"purchasable","16":"product-type-simple"},"_links":{"self":[{"href":"https:\/\/distribuidoradelcampo.com.ar\/catalogo\/wp-json\/wp\/v2\/product\/1997","targetHints":{"allow":["GET"]}}],"collection":[{"href":"https:\/\/distribuidoradelcampo.com.ar\/catalogo\/wp-json\/wp\/v2\/product"}],"about":[{"href":"https:\/\/distribuidoradelcampo.com.ar\/catalogo\/wp-json\/wp\/v2\/types\/product"}],"replies":[{"embeddable":true,"href":"https:\/\/distribuidoradelcampo.com.ar\/catalogo\/wp-json\/wp\/v2\/comments?post=1997"}],"version-history":[{"count":3,"href":"https:\/\/distribuidoradelcampo.com.ar\/catalogo\/wp-json\/wp\/v2\/product\/1997\/revisions"}],"predecessor-version":[{"id":17131,"href":"https:\/\/distribuidoradelcampo.com.ar\/catalogo\/wp-json\/wp\/v2\/product\/1997\/revisions\/17131"}],"wp:featuredmedia":[{"embeddable":true,"href":"https:\/\/distribuidoradelcampo.com.ar\/catalogo\/wp-json\/wp\/v2\/media\/388"}],"wp:attachment":[{"href":"https:\/\/distribuidoradelcampo.com.ar\/catalogo\/wp-json\/wp\/v2\/media?parent=1997"}],"wp:term":[{"taxonomy":"product_brand","embeddable":true,"href":"https:\/\/distribuidoradelcampo.com.ar\/catalogo\/wp-json\/wp\/v2\/product_brand?post=1997"},{"taxonomy":"product_cat","embeddable":true,"href":"https:\/\/distribuidoradelcampo.com.ar\/catalogo\/wp-json\/wp\/v2\/product_cat?post=1997"},{"taxonomy":"product_tag","embeddable":true,"href":"https:\/\/distribuidoradelcampo.com.ar\/catalogo\/wp-json\/wp\/v2\/product_tag?post=1997"}],"curies":[{"name":"wp","href":"https:\/\/api.w.org\/{rel}","templated":true}]}}