{"id":1965,"date":"2020-11-02T12:51:57","date_gmt":"2020-11-02T15:51:57","guid":{"rendered":"https:\/\/distribuidoradelcampo.com.ar\/catalogo\/producto\/import-placeholder-for-750\/"},"modified":"2026-03-31T11:38:17","modified_gmt":"2026-03-31T14:38:17","slug":"nuestros-sabores-batatas-sin-tacc-80g","status":"publish","type":"product","link":"https:\/\/distribuidoradelcampo.com.ar\/catalogo\/producto\/nuestros-sabores-batatas-sin-tacc-80g\/","title":{"rendered":"NUESTROS SABORES. Batatas. SIN TACC. 80g"},"content":{"rendered":"<p>Chips de batatas con sal marina. Vegano. 0% grasas trans. Sin colesterol.<\/p>\n<p>Somos una empresa joven, formada por un grupo de emprendedores, con ideas y ganas de cambiar la forma de hacer snacks y sin miedo al desaf\u00edo de lograr algo distinto.<\/p>\n<p class=\"p1\"><strong><span class=\"s1\">No utilizamos ni utilizaremos jam\u00e1s, conservantes, colorantes ni saborizantes en la elaboraci\u00f3n de nuestros productos.<\/span><\/strong><\/p>\n","protected":false},"excerpt":{"rendered":"<p>Chips de batatas con sal marina. Vegano. 0% grasas trans. Sin colesterol. Somos una empresa joven, formada por un grupo de emprendedores, con ideas y ganas de cambiar la forma de hacer snacks y sin miedo al desaf\u00edo de lograr algo distinto. No utilizamos ni utilizaremos jam\u00e1s, conservantes, colorantes ni saborizantes en la elaboraci\u00f3n de [&hellip;]<\/p>\n","protected":false},"featured_media":294,"comment_status":"closed","ping_status":"closed","template":"","meta":[],"product_brand":[904],"product_cat":[398,146,70,401],"product_tag":[193,164,166,41,149],"class_list":{"0":"post-1965","1":"product","2":"type-product","3":"status-publish","4":"has-post-thumbnail","6":"product_brand-nuestros-sabores","7":"product_cat-sin-tacc","8":"product_cat-snack","9":"product_cat-tentaciones","10":"product_cat-veggie","11":"product_tag-batatas","12":"product_tag-chips","13":"product_tag-salado","14":"product_tag-sin-tacc","15":"product_tag-snack","17":"first","18":"instock","19":"purchasable","20":"product-type-simple"},"_links":{"self":[{"href":"https:\/\/distribuidoradelcampo.com.ar\/catalogo\/wp-json\/wp\/v2\/product\/1965","targetHints":{"allow":["GET"]}}],"collection":[{"href":"https:\/\/distribuidoradelcampo.com.ar\/catalogo\/wp-json\/wp\/v2\/product"}],"about":[{"href":"https:\/\/distribuidoradelcampo.com.ar\/catalogo\/wp-json\/wp\/v2\/types\/product"}],"replies":[{"embeddable":true,"href":"https:\/\/distribuidoradelcampo.com.ar\/catalogo\/wp-json\/wp\/v2\/comments?post=1965"}],"version-history":[{"count":1,"href":"https:\/\/distribuidoradelcampo.com.ar\/catalogo\/wp-json\/wp\/v2\/product\/1965\/revisions"}],"predecessor-version":[{"id":3278,"href":"https:\/\/distribuidoradelcampo.com.ar\/catalogo\/wp-json\/wp\/v2\/product\/1965\/revisions\/3278"}],"wp:featuredmedia":[{"embeddable":true,"href":"https:\/\/distribuidoradelcampo.com.ar\/catalogo\/wp-json\/wp\/v2\/media\/294"}],"wp:attachment":[{"href":"https:\/\/distribuidoradelcampo.com.ar\/catalogo\/wp-json\/wp\/v2\/media?parent=1965"}],"wp:term":[{"taxonomy":"product_brand","embeddable":true,"href":"https:\/\/distribuidoradelcampo.com.ar\/catalogo\/wp-json\/wp\/v2\/product_brand?post=1965"},{"taxonomy":"product_cat","embeddable":true,"href":"https:\/\/distribuidoradelcampo.com.ar\/catalogo\/wp-json\/wp\/v2\/product_cat?post=1965"},{"taxonomy":"product_tag","embeddable":true,"href":"https:\/\/distribuidoradelcampo.com.ar\/catalogo\/wp-json\/wp\/v2\/product_tag?post=1965"}],"curies":[{"name":"wp","href":"https:\/\/api.w.org\/{rel}","templated":true}]}}