{"id":1930,"date":"2020-11-02T12:51:46","date_gmt":"2020-11-02T15:51:46","guid":{"rendered":"https:\/\/distribuidoradelcampo.com.ar\/catalogo\/producto\/import-placeholder-for-531\/"},"modified":"2026-01-19T12:23:31","modified_gmt":"2026-01-19T15:23:31","slug":"samurai-cereal-ovoproteico-con-semillas-y-cacao-sin-tacc-60g","status":"publish","type":"product","link":"https:\/\/distribuidoradelcampo.com.ar\/catalogo\/producto\/samurai-cereal-ovoproteico-con-semillas-y-cacao-sin-tacc-60g\/","title":{"rendered":"SAMURAI, Cereal ovoproteico con semillas y cacao.   SIN TACC .60g"},"content":{"rendered":"<p>Alto contenido de prote\u00ednas. Sin az\u00facar .<\/p>\n<p>\u00bfQu\u00e9 es Samurai\u00ae ?<br \/>\nSamurai es el primer Ovo-Snack tipo texturizado altamente proteico y rico en minerales.<br \/>\nPor su caracter\u00edstica proteica es adoptado primordialmente por deportistas de alto rendimiento.<\/p>\n<p>\u00bfC\u00f3mo se come?<br \/>\nSe come como un snack (colaci\u00f3n) o se puede mezclar con leche, yogur, batidos, frutas. Preparando as\u00ed el desayuno o la merienda con alto contenido proteico. La versi\u00f3n \u201cqueso\u201d, seg\u00fan recomendaci\u00f3n de nutricionistas, se puede mezclar con ensaladas, fideos, arroz.<\/p>\n<p>Los propios usuarios se lo recomiendan a otros deportistas.<br \/>\nLos profesionales de nutrici\u00f3n deportiva lo recetan a sus clientes<br \/>\nEs 100% natural, pr\u00e1ctico y sabroso.<\/p>\n","protected":false},"excerpt":{"rendered":"<p>Alto contenido de prote\u00ednas. Sin az\u00facar . \u00bfQu\u00e9 es Samurai\u00ae ? Samurai es el primer Ovo-Snack tipo texturizado altamente proteico y rico en minerales. Por su caracter\u00edstica proteica es adoptado primordialmente por deportistas de alto rendimiento. \u00bfC\u00f3mo se come? Se come como un snack (colaci\u00f3n) o se puede mezclar con leche, yogur, batidos, frutas. Preparando [&hellip;]<\/p>\n","protected":false},"featured_media":229,"comment_status":"closed","ping_status":"closed","template":"","meta":[],"product_brand":[844],"product_cat":[399,398,146],"product_tag":[105,157,83,494,86,33,41],"class_list":{"0":"post-1930","1":"product","2":"type-product","3":"status-publish","4":"has-post-thumbnail","6":"product_brand-samurai","7":"product_cat-sin-azucar-agregada","8":"product_cat-sin-tacc","9":"product_cat-snack","10":"product_tag-alimento","11":"product_tag-cacao","12":"product_tag-desayuno","13":"product_tag-samurai","14":"product_tag-semillas","15":"product_tag-sin-azucar","16":"product_tag-sin-tacc","18":"first","19":"outofstock","20":"purchasable","21":"product-type-simple"},"_links":{"self":[{"href":"https:\/\/distribuidoradelcampo.com.ar\/catalogo\/wp-json\/wp\/v2\/product\/1930","targetHints":{"allow":["GET"]}}],"collection":[{"href":"https:\/\/distribuidoradelcampo.com.ar\/catalogo\/wp-json\/wp\/v2\/product"}],"about":[{"href":"https:\/\/distribuidoradelcampo.com.ar\/catalogo\/wp-json\/wp\/v2\/types\/product"}],"replies":[{"embeddable":true,"href":"https:\/\/distribuidoradelcampo.com.ar\/catalogo\/wp-json\/wp\/v2\/comments?post=1930"}],"version-history":[{"count":2,"href":"https:\/\/distribuidoradelcampo.com.ar\/catalogo\/wp-json\/wp\/v2\/product\/1930\/revisions"}],"predecessor-version":[{"id":17006,"href":"https:\/\/distribuidoradelcampo.com.ar\/catalogo\/wp-json\/wp\/v2\/product\/1930\/revisions\/17006"}],"wp:featuredmedia":[{"embeddable":true,"href":"https:\/\/distribuidoradelcampo.com.ar\/catalogo\/wp-json\/wp\/v2\/media\/229"}],"wp:attachment":[{"href":"https:\/\/distribuidoradelcampo.com.ar\/catalogo\/wp-json\/wp\/v2\/media?parent=1930"}],"wp:term":[{"taxonomy":"product_brand","embeddable":true,"href":"https:\/\/distribuidoradelcampo.com.ar\/catalogo\/wp-json\/wp\/v2\/product_brand?post=1930"},{"taxonomy":"product_cat","embeddable":true,"href":"https:\/\/distribuidoradelcampo.com.ar\/catalogo\/wp-json\/wp\/v2\/product_cat?post=1930"},{"taxonomy":"product_tag","embeddable":true,"href":"https:\/\/distribuidoradelcampo.com.ar\/catalogo\/wp-json\/wp\/v2\/product_tag?post=1930"}],"curies":[{"name":"wp","href":"https:\/\/api.w.org\/{rel}","templated":true}]}}