{"id":1902,"date":"2020-11-02T12:51:43","date_gmt":"2020-11-02T15:51:43","guid":{"rendered":"https:\/\/distribuidoradelcampo.com.ar\/catalogo\/producto\/import-placeholder-for-423\/"},"modified":"2026-01-26T10:48:14","modified_gmt":"2026-01-26T13:48:14","slug":"jual-edulcorante-stevia-liquida-125-cc","status":"publish","type":"product","link":"https:\/\/distribuidoradelcampo.com.ar\/catalogo\/producto\/jual-edulcorante-stevia-liquida-125-cc\/","title":{"rendered":"JUAL, Edulcorante stevia l\u00edquida, 125cc"},"content":{"rendered":"<p>Producto utilizado para endulzar bebidas, infusiones, y productos panificados, con la virtud de que no posee calor\u00edas, ni az\u00facar, ni qu\u00edmicos, sin sabor residual, 100% sabor.\u00a0<strong>No contiene Ciclamato. No contiene Aspartamo.<\/strong><\/p>\n<p>&nbsp;<\/p>\n","protected":false},"excerpt":{"rendered":"<p>Producto utilizado para endulzar bebidas, infusiones, y productos panificados, con la virtud de que no posee calor\u00edas, ni az\u00facar, ni qu\u00edmicos, sin sabor residual, 100% sabor.\u00a0No contiene Ciclamato. No contiene Aspartamo. &nbsp;<\/p>\n","protected":false},"featured_media":170,"comment_status":"closed","ping_status":"closed","template":"","meta":[],"product_brand":[892],"product_cat":[116,399,401],"product_tag":[131,132,133],"class_list":{"0":"post-1902","1":"product","2":"type-product","3":"status-publish","4":"has-post-thumbnail","6":"product_brand-jual","7":"product_cat-edulcorantes","8":"product_cat-sin-azucar-agregada","9":"product_cat-veggie","10":"product_tag-jual","11":"product_tag-nartural","12":"product_tag-stevia","14":"first","15":"instock","16":"purchasable","17":"product-type-simple"},"_links":{"self":[{"href":"https:\/\/distribuidoradelcampo.com.ar\/catalogo\/wp-json\/wp\/v2\/product\/1902","targetHints":{"allow":["GET"]}}],"collection":[{"href":"https:\/\/distribuidoradelcampo.com.ar\/catalogo\/wp-json\/wp\/v2\/product"}],"about":[{"href":"https:\/\/distribuidoradelcampo.com.ar\/catalogo\/wp-json\/wp\/v2\/types\/product"}],"replies":[{"embeddable":true,"href":"https:\/\/distribuidoradelcampo.com.ar\/catalogo\/wp-json\/wp\/v2\/comments?post=1902"}],"version-history":[{"count":3,"href":"https:\/\/distribuidoradelcampo.com.ar\/catalogo\/wp-json\/wp\/v2\/product\/1902\/revisions"}],"predecessor-version":[{"id":17538,"href":"https:\/\/distribuidoradelcampo.com.ar\/catalogo\/wp-json\/wp\/v2\/product\/1902\/revisions\/17538"}],"wp:featuredmedia":[{"embeddable":true,"href":"https:\/\/distribuidoradelcampo.com.ar\/catalogo\/wp-json\/wp\/v2\/media\/170"}],"wp:attachment":[{"href":"https:\/\/distribuidoradelcampo.com.ar\/catalogo\/wp-json\/wp\/v2\/media?parent=1902"}],"wp:term":[{"taxonomy":"product_brand","embeddable":true,"href":"https:\/\/distribuidoradelcampo.com.ar\/catalogo\/wp-json\/wp\/v2\/product_brand?post=1902"},{"taxonomy":"product_cat","embeddable":true,"href":"https:\/\/distribuidoradelcampo.com.ar\/catalogo\/wp-json\/wp\/v2\/product_cat?post=1902"},{"taxonomy":"product_tag","embeddable":true,"href":"https:\/\/distribuidoradelcampo.com.ar\/catalogo\/wp-json\/wp\/v2\/product_tag?post=1902"}],"curies":[{"name":"wp","href":"https:\/\/api.w.org\/{rel}","templated":true}]}}