{"id":1885,"date":"2020-11-02T12:51:38","date_gmt":"2020-11-02T15:51:38","guid":{"rendered":"https:\/\/distribuidoradelcampo.com.ar\/catalogo\/producto\/import-placeholder-for-357\/"},"modified":"2026-03-03T09:36:48","modified_gmt":"2026-03-03T12:36:48","slug":"epuyen-delicia-de-avena-y-nuez-70-g-light","status":"publish","type":"product","link":"https:\/\/distribuidoradelcampo.com.ar\/catalogo\/producto\/epuyen-delicia-de-avena-y-nuez-70-g-light\/","title":{"rendered":"EPUYEN, Brownie LIGHT de Avena y Mascabo, 12u de 60g"},"content":{"rendered":"<p>Este exquisito producto cuenta con todos los beneficios nutricionales de la avena y la nuez. Un sabor delicado y \u00fanico sin tiene agregado de az\u00facar, bajo en calor\u00edas y 0% grasa trans.<\/p>\n","protected":false},"excerpt":{"rendered":"<p>Este exquisito producto cuenta con todos los beneficios nutricionales de la avena y la nuez. Un sabor delicado y \u00fanico sin tiene agregado de az\u00facar, bajo en calor\u00edas y 0% grasa trans.<\/p>\n","protected":false},"featured_media":136,"comment_status":"closed","ping_status":"closed","template":"","meta":[],"product_brand":[884],"product_cat":[98,400,70],"product_tag":[82,99,73,90,100,33],"class_list":{"0":"post-1885","1":"product","2":"type-product","3":"status-publish","4":"has-post-thumbnail","6":"product_brand-epuyen","7":"product_cat-brownies","8":"product_cat-promos","9":"product_cat-tentaciones","10":"product_tag-avena","11":"product_tag-delicia","12":"product_tag-epuyen","13":"product_tag-light","14":"product_tag-nuez","15":"product_tag-sin-azucar","17":"first","18":"instock","19":"purchasable","20":"product-type-simple"},"_links":{"self":[{"href":"https:\/\/distribuidoradelcampo.com.ar\/catalogo\/wp-json\/wp\/v2\/product\/1885","targetHints":{"allow":["GET"]}}],"collection":[{"href":"https:\/\/distribuidoradelcampo.com.ar\/catalogo\/wp-json\/wp\/v2\/product"}],"about":[{"href":"https:\/\/distribuidoradelcampo.com.ar\/catalogo\/wp-json\/wp\/v2\/types\/product"}],"replies":[{"embeddable":true,"href":"https:\/\/distribuidoradelcampo.com.ar\/catalogo\/wp-json\/wp\/v2\/comments?post=1885"}],"version-history":[{"count":7,"href":"https:\/\/distribuidoradelcampo.com.ar\/catalogo\/wp-json\/wp\/v2\/product\/1885\/revisions"}],"predecessor-version":[{"id":16995,"href":"https:\/\/distribuidoradelcampo.com.ar\/catalogo\/wp-json\/wp\/v2\/product\/1885\/revisions\/16995"}],"wp:featuredmedia":[{"embeddable":true,"href":"https:\/\/distribuidoradelcampo.com.ar\/catalogo\/wp-json\/wp\/v2\/media\/136"}],"wp:attachment":[{"href":"https:\/\/distribuidoradelcampo.com.ar\/catalogo\/wp-json\/wp\/v2\/media?parent=1885"}],"wp:term":[{"taxonomy":"product_brand","embeddable":true,"href":"https:\/\/distribuidoradelcampo.com.ar\/catalogo\/wp-json\/wp\/v2\/product_brand?post=1885"},{"taxonomy":"product_cat","embeddable":true,"href":"https:\/\/distribuidoradelcampo.com.ar\/catalogo\/wp-json\/wp\/v2\/product_cat?post=1885"},{"taxonomy":"product_tag","embeddable":true,"href":"https:\/\/distribuidoradelcampo.com.ar\/catalogo\/wp-json\/wp\/v2\/product_tag?post=1885"}],"curies":[{"name":"wp","href":"https:\/\/api.w.org\/{rel}","templated":true}]}}