{"id":1861,"date":"2020-11-02T12:51:32","date_gmt":"2020-11-02T15:51:32","guid":{"rendered":"https:\/\/distribuidoradelcampo.com.ar\/catalogo\/producto\/import-placeholder-for-274\/"},"modified":"2026-01-26T10:39:45","modified_gmt":"2026-01-26T13:39:45","slug":"las-quinas-miel-premium-liquida-organica-sin-tacc-500g","status":"publish","type":"product","link":"https:\/\/distribuidoradelcampo.com.ar\/catalogo\/producto\/las-quinas-miel-premium-liquida-organica-sin-tacc-500g\/","title":{"rendered":"LAS QUINAS, Miel L\u00edquida ORG\u00c1NICA, 500g, SIN TACC"},"content":{"rendered":"<p>Nuestra miel org\u00e1nica proviene de colmenas situadas en la localidad de Quilino, al norte de la Provincia de C\u00f3rdoba. Esta zona de sierras es reconocida por la certificadora org\u00e1nica OIA, como una regi\u00f3n apta para producir alimentos org\u00e1nicos del m\u00e1s alto nivel.<br \/>\nEl manejo de las colmenas se hace de acuerdo con los est\u00e1ndares internacionales establecidos por las certificadoras org\u00e1nicas, siguiendo un principio homeop\u00e1tico de control y curado de las colmenas, asegurando de esta manera la inocuidad y la naturalidad del producto.<\/p>\n<p><img decoding=\"async\" class=\"img-responsive modal-ico\" src=\"http:\/\/www.lasquinas.com.ar\/img\/oia_ico.png\" \/>\u00a0<img decoding=\"async\" class=\"img-responsive modal-ico\" src=\"http:\/\/www.lasquinas.com.ar\/img\/bio_ico.png\" \/>\u00a0<img decoding=\"async\" class=\"img-responsive modal-ico\" src=\"http:\/\/www.lasquinas.com.ar\/img\/bio_miel_ico.png\" \/>\u00a0<img decoding=\"async\" class=\"img-responsive modal-ico\" src=\"http:\/\/www.lasquinas.com.ar\/img\/org_ico.png\" \/>\u00a0<img decoding=\"async\" class=\"img-responsive modal-ico\" src=\"http:\/\/www.lasquinas.com.ar\/img\/sin_tacc_ico.png\" \/>\u00a0<img decoding=\"async\" class=\"img-responsive modal-ico\" src=\"http:\/\/www.lasquinas.com.ar\/img\/mapo_ico.png\" \/><\/p>\n","protected":false},"excerpt":{"rendered":"<p>Nuestra miel org\u00e1nica proviene de colmenas situadas en la localidad de Quilino, al norte de la Provincia de C\u00f3rdoba. Esta zona de sierras es reconocida por la certificadora org\u00e1nica OIA, como una regi\u00f3n apta para producir alimentos org\u00e1nicos del m\u00e1s alto nivel. El manejo de las colmenas se hace de acuerdo con los est\u00e1ndares internacionales [&hellip;]<\/p>\n","protected":false},"featured_media":82,"comment_status":"closed","ping_status":"closed","template":"","meta":[],"product_brand":[898],"product_cat":[53,397,398],"product_tag":[487,55,32,56],"class_list":{"0":"post-1861","1":"product","2":"type-product","3":"status-publish","4":"has-post-thumbnail","6":"product_brand-las-quinas","7":"product_cat-mieles","8":"product_cat-organicos","9":"product_cat-sin-tacc","10":"product_tag-las-quinas","11":"product_tag-miel","12":"product_tag-organico","13":"product_tag-sintacc","15":"first","16":"instock","17":"purchasable","18":"product-type-simple"},"_links":{"self":[{"href":"https:\/\/distribuidoradelcampo.com.ar\/catalogo\/wp-json\/wp\/v2\/product\/1861","targetHints":{"allow":["GET"]}}],"collection":[{"href":"https:\/\/distribuidoradelcampo.com.ar\/catalogo\/wp-json\/wp\/v2\/product"}],"about":[{"href":"https:\/\/distribuidoradelcampo.com.ar\/catalogo\/wp-json\/wp\/v2\/types\/product"}],"replies":[{"embeddable":true,"href":"https:\/\/distribuidoradelcampo.com.ar\/catalogo\/wp-json\/wp\/v2\/comments?post=1861"}],"version-history":[{"count":4,"href":"https:\/\/distribuidoradelcampo.com.ar\/catalogo\/wp-json\/wp\/v2\/product\/1861\/revisions"}],"predecessor-version":[{"id":17552,"href":"https:\/\/distribuidoradelcampo.com.ar\/catalogo\/wp-json\/wp\/v2\/product\/1861\/revisions\/17552"}],"wp:featuredmedia":[{"embeddable":true,"href":"https:\/\/distribuidoradelcampo.com.ar\/catalogo\/wp-json\/wp\/v2\/media\/82"}],"wp:attachment":[{"href":"https:\/\/distribuidoradelcampo.com.ar\/catalogo\/wp-json\/wp\/v2\/media?parent=1861"}],"wp:term":[{"taxonomy":"product_brand","embeddable":true,"href":"https:\/\/distribuidoradelcampo.com.ar\/catalogo\/wp-json\/wp\/v2\/product_brand?post=1861"},{"taxonomy":"product_cat","embeddable":true,"href":"https:\/\/distribuidoradelcampo.com.ar\/catalogo\/wp-json\/wp\/v2\/product_cat?post=1861"},{"taxonomy":"product_tag","embeddable":true,"href":"https:\/\/distribuidoradelcampo.com.ar\/catalogo\/wp-json\/wp\/v2\/product_tag?post=1861"}],"curies":[{"name":"wp","href":"https:\/\/api.w.org\/{rel}","templated":true}]}}