{"id":1856,"date":"2020-11-02T12:51:32","date_gmt":"2020-11-02T15:51:32","guid":{"rendered":"https:\/\/distribuidoradelcampo.com.ar\/catalogo\/producto\/import-placeholder-for-251\/"},"modified":"2026-01-19T11:56:58","modified_gmt":"2026-01-19T14:56:58","slug":"beepure-ghee-manteca-clarificada-270g","status":"publish","type":"product","link":"https:\/\/distribuidoradelcampo.com.ar\/catalogo\/producto\/beepure-ghee-manteca-clarificada-270g\/","title":{"rendered":"BEEPURE, Ghee, Manteca Clarificada, 270g"},"content":{"rendered":"<p dir=\"ltr\">El Ghee, manteca clarificada o butteroil es un ingrediente t\u00edpico de la cocina milenaria india. Se obtiene mediante un proceso artesanal con el que se eliminan impurezas y s\u00f3lidos l\u00e1cteos de la manteca sin sal (de vaca de pastura). Sustituye el aceite y la manteca en\u00a0 muchas preparaciones. Combina con especias, hierbas y condimentos como el ajo, c\u00farcuma, comino, romero y jengibre; tambi\u00e9n queda muy bien en preparaciones con curry y para cocinar salsas. Sirve para reposter\u00eda, se puede untar en tostadas y hasta agregar al caf\u00e9. Llega a su punto de humo a m\u00e1s de 250\u00b0, por lo que es ideal para fre\u00edr, asar o saltear alimentos, sin que pierda su calidad o se queme.<\/p>\n<p><strong>Ingredientes:\u00a0<\/strong>manteca sin sal.<\/p>\n","protected":false},"excerpt":{"rendered":"<p>El Ghee, manteca clarificada o butteroil es un ingrediente t\u00edpico de la cocina milenaria india. Se obtiene mediante un proceso artesanal con el que se eliminan impurezas y s\u00f3lidos l\u00e1cteos de la manteca sin sal (de vaca de pastura). Sustituye el aceite y la manteca en\u00a0 muchas preparaciones. Combina con especias, hierbas y condimentos como [&hellip;]<\/p>\n","protected":false},"featured_media":77,"comment_status":"closed","ping_status":"closed","template":"","meta":[],"product_brand":[871],"product_cat":[37],"product_tag":[42,43,44],"class_list":{"0":"post-1856","1":"product","2":"type-product","3":"status-publish","4":"has-post-thumbnail","6":"product_brand-beepure","7":"product_cat-untables","8":"product_tag-clarificada","9":"product_tag-ghee","10":"product_tag-manteca","12":"first","13":"instock","14":"purchasable","15":"product-type-simple"},"_links":{"self":[{"href":"https:\/\/distribuidoradelcampo.com.ar\/catalogo\/wp-json\/wp\/v2\/product\/1856","targetHints":{"allow":["GET"]}}],"collection":[{"href":"https:\/\/distribuidoradelcampo.com.ar\/catalogo\/wp-json\/wp\/v2\/product"}],"about":[{"href":"https:\/\/distribuidoradelcampo.com.ar\/catalogo\/wp-json\/wp\/v2\/types\/product"}],"replies":[{"embeddable":true,"href":"https:\/\/distribuidoradelcampo.com.ar\/catalogo\/wp-json\/wp\/v2\/comments?post=1856"}],"version-history":[{"count":4,"href":"https:\/\/distribuidoradelcampo.com.ar\/catalogo\/wp-json\/wp\/v2\/product\/1856\/revisions"}],"predecessor-version":[{"id":16891,"href":"https:\/\/distribuidoradelcampo.com.ar\/catalogo\/wp-json\/wp\/v2\/product\/1856\/revisions\/16891"}],"wp:featuredmedia":[{"embeddable":true,"href":"https:\/\/distribuidoradelcampo.com.ar\/catalogo\/wp-json\/wp\/v2\/media\/77"}],"wp:attachment":[{"href":"https:\/\/distribuidoradelcampo.com.ar\/catalogo\/wp-json\/wp\/v2\/media?parent=1856"}],"wp:term":[{"taxonomy":"product_brand","embeddable":true,"href":"https:\/\/distribuidoradelcampo.com.ar\/catalogo\/wp-json\/wp\/v2\/product_brand?post=1856"},{"taxonomy":"product_cat","embeddable":true,"href":"https:\/\/distribuidoradelcampo.com.ar\/catalogo\/wp-json\/wp\/v2\/product_cat?post=1856"},{"taxonomy":"product_tag","embeddable":true,"href":"https:\/\/distribuidoradelcampo.com.ar\/catalogo\/wp-json\/wp\/v2\/product_tag?post=1856"}],"curies":[{"name":"wp","href":"https:\/\/api.w.org\/{rel}","templated":true}]}}