{"id":1855,"date":"2020-11-02T12:51:32","date_gmt":"2020-11-02T15:51:32","guid":{"rendered":"https:\/\/distribuidoradelcampo.com.ar\/catalogo\/producto\/import-placeholder-for-248\/"},"modified":"2026-01-29T11:59:06","modified_gmt":"2026-01-29T14:59:06","slug":"beepure-mantequilla-de-mani-sin-tacc-400g","status":"publish","type":"product","link":"https:\/\/distribuidoradelcampo.com.ar\/catalogo\/producto\/beepure-mantequilla-de-mani-sin-tacc-400g\/","title":{"rendered":"BEEPURE, Pasta de man\u00ed, 400gSIN TACC"},"content":{"rendered":"<p>Mantequilla de man\u00ed 100% man\u00ed SIN AZ\u00daCAR. Seleccionamos el mejor man\u00ed cordob\u00e9s para preparar la mantequilla de man\u00ed BEEPURE. Est\u00e1 buen\u00edsima para untar como pasta en tostadas, para combinar con granolas, frutas y preparaciones reposteras. Certificaci\u00f3n SIN TACC.<\/p>\n","protected":false},"excerpt":{"rendered":"<p>Mantequilla de man\u00ed 100% man\u00ed SIN AZ\u00daCAR. Seleccionamos el mejor man\u00ed cordob\u00e9s para preparar la mantequilla de man\u00ed BEEPURE. Est\u00e1 buen\u00edsima para untar como pasta en tostadas, para combinar con granolas, frutas y preparaciones reposteras. Certificaci\u00f3n SIN TACC.<\/p>\n","protected":false},"featured_media":62,"comment_status":"closed","ping_status":"closed","template":"","meta":[],"product_brand":[871],"product_cat":[36,399,398,37],"product_tag":[29,38,39,40,33,41],"class_list":{"0":"post-1855","1":"product","2":"type-product","3":"status-publish","4":"has-post-thumbnail","6":"product_brand-beepure","7":"product_cat-pastas","8":"product_cat-sin-azucar-agregada","9":"product_cat-sin-tacc","10":"product_cat-untables","11":"product_tag-beepure","12":"product_tag-mani","13":"product_tag-mantequilla","14":"product_tag-pasta","15":"product_tag-sin-azucar","16":"product_tag-sin-tacc","18":"first","19":"instock","20":"purchasable","21":"product-type-simple"},"_links":{"self":[{"href":"https:\/\/distribuidoradelcampo.com.ar\/catalogo\/wp-json\/wp\/v2\/product\/1855","targetHints":{"allow":["GET"]}}],"collection":[{"href":"https:\/\/distribuidoradelcampo.com.ar\/catalogo\/wp-json\/wp\/v2\/product"}],"about":[{"href":"https:\/\/distribuidoradelcampo.com.ar\/catalogo\/wp-json\/wp\/v2\/types\/product"}],"replies":[{"embeddable":true,"href":"https:\/\/distribuidoradelcampo.com.ar\/catalogo\/wp-json\/wp\/v2\/comments?post=1855"}],"version-history":[{"count":4,"href":"https:\/\/distribuidoradelcampo.com.ar\/catalogo\/wp-json\/wp\/v2\/product\/1855\/revisions"}],"predecessor-version":[{"id":17109,"href":"https:\/\/distribuidoradelcampo.com.ar\/catalogo\/wp-json\/wp\/v2\/product\/1855\/revisions\/17109"}],"wp:featuredmedia":[{"embeddable":true,"href":"https:\/\/distribuidoradelcampo.com.ar\/catalogo\/wp-json\/wp\/v2\/media\/62"}],"wp:attachment":[{"href":"https:\/\/distribuidoradelcampo.com.ar\/catalogo\/wp-json\/wp\/v2\/media?parent=1855"}],"wp:term":[{"taxonomy":"product_brand","embeddable":true,"href":"https:\/\/distribuidoradelcampo.com.ar\/catalogo\/wp-json\/wp\/v2\/product_brand?post=1855"},{"taxonomy":"product_cat","embeddable":true,"href":"https:\/\/distribuidoradelcampo.com.ar\/catalogo\/wp-json\/wp\/v2\/product_cat?post=1855"},{"taxonomy":"product_tag","embeddable":true,"href":"https:\/\/distribuidoradelcampo.com.ar\/catalogo\/wp-json\/wp\/v2\/product_tag?post=1855"}],"curies":[{"name":"wp","href":"https:\/\/api.w.org\/{rel}","templated":true}]}}