{"id":17846,"date":"2025-06-04T20:36:55","date_gmt":"2025-06-04T23:36:55","guid":{"rendered":"https:\/\/distribuidoradelcampo.com.ar\/catalogo\/?post_type=product&#038;p=17846"},"modified":"2026-01-29T10:42:42","modified_gmt":"2026-01-29T13:42:42","slug":"beepure-miel-extra-white-blanca-500g","status":"publish","type":"product","link":"https:\/\/distribuidoradelcampo.com.ar\/catalogo\/producto\/beepure-miel-extra-white-blanca-500g\/","title":{"rendered":"BEEPURE, Miel Extra White, 500g"},"content":{"rendered":"<h5 class=\"font-big mb-4\">Descripci\u00f3n<\/h5>\n<div class=\"user-content font-small mb-4\">\n<p><strong>Miel Extra White BEEPURE x500g<\/strong><\/p>\n<p>100% miel natural y pura. Blanca como la nieve, proviene de unas pocas colmenas especialmente seleccionadas. Con una textura delicada y suavidad inigualables, se destaca por su sabor sutil. Por su calidad superior, es el secreto mejor guardado de los apicultores.<\/p>\n<div><strong>Ingredientes:<\/strong>\u00a0Miel.<br \/>\nPUEDE CONTENER MAN\u00cd<\/div>\n<div><\/div>\n<div><strong>Informaci\u00f3n nutricional<\/strong><\/div>\n<div>\n<div dir=\"ltr\">\n<table>\n<colgroup>\n<col \/>\n<col \/>\n<col \/><\/colgroup>\n<tbody>\n<tr>\n<td colspan=\"3\">Porci\u00f3n: 20g (1 cuchara de sopa)<\/td>\n<\/tr>\n<tr>\n<td><\/td>\n<td>Cantidad<\/td>\n<td>% VD (*)<\/td>\n<\/tr>\n<tr>\n<td>Calor\u00edas<\/td>\n<td>64 Kcal = 268 Kj<\/td>\n<td>3%<\/td>\n<\/tr>\n<tr>\n<td>Carbohidratos<\/td>\n<td>16g<\/td>\n<td>5%<\/td>\n<\/tr>\n<tr>\n<td>Az\u00facares totales<\/td>\n<td>13g<\/td>\n<td>&#8211;<\/td>\n<\/tr>\n<tr>\n<td>Az\u00facares a\u00f1adidos<\/td>\n<td>0g<\/td>\n<td>&#8211;<\/td>\n<\/tr>\n<tr>\n<td>Prote\u00ednas<\/td>\n<td>0g<\/td>\n<td>&#8211;<\/td>\n<\/tr>\n<tr>\n<td>Grasas totales<\/td>\n<td>0g<\/td>\n<td>&#8211;<\/td>\n<\/tr>\n<tr>\n<td>Fibra alimentaria<\/td>\n<td>0g<\/td>\n<td>&#8211;<\/td>\n<\/tr>\n<tr>\n<td>Sodio<\/td>\n<td>0mg<\/td>\n<td>&#8211;<\/td>\n<\/tr>\n<\/tbody>\n<\/table>\n<\/div>\n<div dir=\"ltr\"><\/div>\n<div dir=\"ltr\"><em>(<\/em><em>*)Valores diarios con base a una dieta de 2000 Kcal u 8400 Kj. Sus valores diarios pueden ser mayores o menores dependiendo de sus necesidades energ\u00e9ticas.<\/em><\/div>\n<div dir=\"ltr\"><\/div>\n<div dir=\"ltr\">\n<p>@beepureoficial<\/p>\n<p><strong>Conservar en lugar fresco y seco<br \/>\n<\/strong><strong>Sometido a cambios de temperatura, su color y textura puede variar:\u00a0<\/strong>La miel cremosa, con las altas temperaturas, puede llegar a perder su consistencia y convertirse en l\u00edquida. Es un proceso natural de la miel pura que comprueba que no tiene aditivos .\u00a0<strong>Esto no altera la calidad ni propiedades de la miel.<\/strong><br \/>\n<strong>No suministrar a ni\u00f1os menores de 1 a\u00f1o<br \/>\n<\/strong><strong>No est\u00e1 pasteurizada<\/strong><\/p>\n<p><strong>Periodo de aptitud:\u00a0<\/strong>2 a\u00f1os<\/p>\n<\/div>\n<\/div>\n<\/div>\n","protected":false},"excerpt":{"rendered":"<p>Descripci\u00f3n Miel Extra White BEEPURE x500g 100% miel natural y pura. Blanca como la nieve, proviene de unas pocas colmenas especialmente seleccionadas. Con una textura delicada y suavidad inigualables, se destaca por su sabor sutil. Por su calidad superior, es el secreto mejor guardado de los apicultores. Ingredientes:\u00a0Miel. PUEDE CONTENER MAN\u00cd Informaci\u00f3n nutricional Porci\u00f3n: 20g [&hellip;]<\/p>\n","protected":false},"featured_media":17847,"comment_status":"closed","ping_status":"closed","template":"","meta":[],"product_brand":[871],"product_cat":[53,34],"product_tag":[29,801,55,800,799],"class_list":{"0":"post-17846","1":"product","2":"type-product","3":"status-publish","4":"has-post-thumbnail","6":"product_brand-beepure","7":"product_cat-mieles","8":"product_cat-productos","9":"product_tag-beepure","10":"product_tag-blanca","11":"product_tag-miel","12":"product_tag-miel-blanca","13":"product_tag-white","15":"first","16":"instock","17":"featured","18":"purchasable","19":"product-type-simple"},"_links":{"self":[{"href":"https:\/\/distribuidoradelcampo.com.ar\/catalogo\/wp-json\/wp\/v2\/product\/17846","targetHints":{"allow":["GET"]}}],"collection":[{"href":"https:\/\/distribuidoradelcampo.com.ar\/catalogo\/wp-json\/wp\/v2\/product"}],"about":[{"href":"https:\/\/distribuidoradelcampo.com.ar\/catalogo\/wp-json\/wp\/v2\/types\/product"}],"replies":[{"embeddable":true,"href":"https:\/\/distribuidoradelcampo.com.ar\/catalogo\/wp-json\/wp\/v2\/comments?post=17846"}],"version-history":[{"count":3,"href":"https:\/\/distribuidoradelcampo.com.ar\/catalogo\/wp-json\/wp\/v2\/product\/17846\/revisions"}],"predecessor-version":[{"id":19337,"href":"https:\/\/distribuidoradelcampo.com.ar\/catalogo\/wp-json\/wp\/v2\/product\/17846\/revisions\/19337"}],"wp:featuredmedia":[{"embeddable":true,"href":"https:\/\/distribuidoradelcampo.com.ar\/catalogo\/wp-json\/wp\/v2\/media\/17847"}],"wp:attachment":[{"href":"https:\/\/distribuidoradelcampo.com.ar\/catalogo\/wp-json\/wp\/v2\/media?parent=17846"}],"wp:term":[{"taxonomy":"product_brand","embeddable":true,"href":"https:\/\/distribuidoradelcampo.com.ar\/catalogo\/wp-json\/wp\/v2\/product_brand?post=17846"},{"taxonomy":"product_cat","embeddable":true,"href":"https:\/\/distribuidoradelcampo.com.ar\/catalogo\/wp-json\/wp\/v2\/product_cat?post=17846"},{"taxonomy":"product_tag","embeddable":true,"href":"https:\/\/distribuidoradelcampo.com.ar\/catalogo\/wp-json\/wp\/v2\/product_tag?post=17846"}],"curies":[{"name":"wp","href":"https:\/\/api.w.org\/{rel}","templated":true}]}}