{"id":17128,"date":"2025-03-20T23:15:21","date_gmt":"2025-03-21T02:15:21","guid":{"rendered":"https:\/\/distribuidoradelcampo.com.ar\/catalogo\/?post_type=product&#038;p=17128"},"modified":"2026-01-29T11:49:01","modified_gmt":"2026-01-29T14:49:01","slug":"beepure-azucar-mascabo-frasco-250g","status":"publish","type":"product","link":"https:\/\/distribuidoradelcampo.com.ar\/catalogo\/producto\/beepure-azucar-mascabo-frasco-250g\/","title":{"rendered":"BEEPURE, Az\u00facar Mascabo Frasco, 250g"},"content":{"rendered":"<p dir=\"ltr\">El mascabo es un tipo de az\u00facar integral (sin refinar) de origen misionero. Se obtiene del jugo de la primera prensada de la ca\u00f1a de az\u00facar. Este se cocina a fuego lento de manera artesanal hasta formar un caramelo. Una vez que se enfr\u00eda, se lo muele. Es de aroma intenso, sabor avainillado y color marr\u00f3n oscuro.<\/p>\n<p dir=\"ltr\">Ideal para endulzar infusiones, reemplazar el az\u00facar com\u00fan, para reposter\u00eda y caramelizar alimentos.<\/p>\n","protected":false},"excerpt":{"rendered":"<p>El mascabo es un tipo de az\u00facar integral (sin refinar) de origen misionero. Se obtiene del jugo de la primera prensada de la ca\u00f1a de az\u00facar. Este se cocina a fuego lento de manera artesanal hasta formar un caramelo. Una vez que se enfr\u00eda, se lo muele. Es de aroma intenso, sabor avainillado y color [&hellip;]<\/p>\n","protected":false},"featured_media":17129,"comment_status":"closed","ping_status":"closed","template":"","meta":[],"product_brand":[871],"product_cat":[130,34,15],"product_tag":[29],"class_list":{"0":"post-17128","1":"product","2":"type-product","3":"status-publish","4":"has-post-thumbnail","6":"product_brand-beepure","7":"product_cat-azucar","8":"product_cat-productos","9":"product_cat-sin-categorizar","10":"product_tag-beepure","12":"first","13":"onbackorder","14":"purchasable","15":"product-type-simple"},"_links":{"self":[{"href":"https:\/\/distribuidoradelcampo.com.ar\/catalogo\/wp-json\/wp\/v2\/product\/17128","targetHints":{"allow":["GET"]}}],"collection":[{"href":"https:\/\/distribuidoradelcampo.com.ar\/catalogo\/wp-json\/wp\/v2\/product"}],"about":[{"href":"https:\/\/distribuidoradelcampo.com.ar\/catalogo\/wp-json\/wp\/v2\/types\/product"}],"replies":[{"embeddable":true,"href":"https:\/\/distribuidoradelcampo.com.ar\/catalogo\/wp-json\/wp\/v2\/comments?post=17128"}],"version-history":[{"count":1,"href":"https:\/\/distribuidoradelcampo.com.ar\/catalogo\/wp-json\/wp\/v2\/product\/17128\/revisions"}],"predecessor-version":[{"id":17130,"href":"https:\/\/distribuidoradelcampo.com.ar\/catalogo\/wp-json\/wp\/v2\/product\/17128\/revisions\/17130"}],"wp:featuredmedia":[{"embeddable":true,"href":"https:\/\/distribuidoradelcampo.com.ar\/catalogo\/wp-json\/wp\/v2\/media\/17129"}],"wp:attachment":[{"href":"https:\/\/distribuidoradelcampo.com.ar\/catalogo\/wp-json\/wp\/v2\/media?parent=17128"}],"wp:term":[{"taxonomy":"product_brand","embeddable":true,"href":"https:\/\/distribuidoradelcampo.com.ar\/catalogo\/wp-json\/wp\/v2\/product_brand?post=17128"},{"taxonomy":"product_cat","embeddable":true,"href":"https:\/\/distribuidoradelcampo.com.ar\/catalogo\/wp-json\/wp\/v2\/product_cat?post=17128"},{"taxonomy":"product_tag","embeddable":true,"href":"https:\/\/distribuidoradelcampo.com.ar\/catalogo\/wp-json\/wp\/v2\/product_tag?post=17128"}],"curies":[{"name":"wp","href":"https:\/\/api.w.org\/{rel}","templated":true}]}}