{"id":16410,"date":"2024-12-19T16:06:42","date_gmt":"2024-12-19T19:06:42","guid":{"rendered":"https:\/\/distribuidoradelcampo.com.ar\/catalogo\/?post_type=product&#038;p=16410"},"modified":"2026-01-22T11:07:56","modified_gmt":"2026-01-22T14:07:56","slug":"jual-endulzante-stevia-en-polvo-250g","status":"publish","type":"product","link":"https:\/\/distribuidoradelcampo.com.ar\/catalogo\/producto\/jual-endulzante-stevia-en-polvo-250g\/","title":{"rendered":"JUAL, Endulzante Stevia en polvo DOYPACK, 220g"},"content":{"rendered":"<p>Producto utilizado para endulzar bebidas, infusiones, y productos panificados, con la virtud de que no posee calor\u00edas, ni az\u00facar, ni qu\u00edmicos, sin sabor residual, 100% sabor.\u00a0<strong>No contiene Ciclamato. No contiene Aspartamo.<\/strong><\/p>\n<p>&nbsp;<\/p>\n","protected":false},"excerpt":{"rendered":"<p>Producto utilizado para endulzar bebidas, infusiones, y productos panificados, con la virtud de que no posee calor\u00edas, ni az\u00facar, ni qu\u00edmicos, sin sabor residual, 100% sabor.\u00a0No contiene Ciclamato. No contiene Aspartamo. &nbsp;<\/p>\n","protected":false},"featured_media":16411,"comment_status":"closed","ping_status":"closed","template":"","meta":[],"product_brand":[892],"product_cat":[116,34,399,401],"product_tag":[774,118,131,773,186,133],"class_list":{"0":"post-16410","1":"product","2":"type-product","3":"status-publish","4":"has-post-thumbnail","6":"product_brand-jual","7":"product_cat-edulcorantes","8":"product_cat-productos","9":"product_cat-sin-azucar-agregada","10":"product_cat-veggie","11":"product_tag-doypack","12":"product_tag-endulzante","13":"product_tag-jual","14":"product_tag-jual-stevia","15":"product_tag-natural","16":"product_tag-stevia","18":"first","19":"instock","20":"purchasable","21":"product-type-simple"},"_links":{"self":[{"href":"https:\/\/distribuidoradelcampo.com.ar\/catalogo\/wp-json\/wp\/v2\/product\/16410","targetHints":{"allow":["GET"]}}],"collection":[{"href":"https:\/\/distribuidoradelcampo.com.ar\/catalogo\/wp-json\/wp\/v2\/product"}],"about":[{"href":"https:\/\/distribuidoradelcampo.com.ar\/catalogo\/wp-json\/wp\/v2\/types\/product"}],"replies":[{"embeddable":true,"href":"https:\/\/distribuidoradelcampo.com.ar\/catalogo\/wp-json\/wp\/v2\/comments?post=16410"}],"version-history":[{"count":3,"href":"https:\/\/distribuidoradelcampo.com.ar\/catalogo\/wp-json\/wp\/v2\/product\/16410\/revisions"}],"predecessor-version":[{"id":18186,"href":"https:\/\/distribuidoradelcampo.com.ar\/catalogo\/wp-json\/wp\/v2\/product\/16410\/revisions\/18186"}],"wp:featuredmedia":[{"embeddable":true,"href":"https:\/\/distribuidoradelcampo.com.ar\/catalogo\/wp-json\/wp\/v2\/media\/16411"}],"wp:attachment":[{"href":"https:\/\/distribuidoradelcampo.com.ar\/catalogo\/wp-json\/wp\/v2\/media?parent=16410"}],"wp:term":[{"taxonomy":"product_brand","embeddable":true,"href":"https:\/\/distribuidoradelcampo.com.ar\/catalogo\/wp-json\/wp\/v2\/product_brand?post=16410"},{"taxonomy":"product_cat","embeddable":true,"href":"https:\/\/distribuidoradelcampo.com.ar\/catalogo\/wp-json\/wp\/v2\/product_cat?post=16410"},{"taxonomy":"product_tag","embeddable":true,"href":"https:\/\/distribuidoradelcampo.com.ar\/catalogo\/wp-json\/wp\/v2\/product_tag?post=16410"}],"curies":[{"name":"wp","href":"https:\/\/api.w.org\/{rel}","templated":true}]}}