{"id":15261,"date":"2024-07-23T11:16:19","date_gmt":"2024-07-23T14:16:19","guid":{"rendered":"https:\/\/distribuidoradelcampo.com.ar\/catalogo\/?post_type=product&#038;p=15261"},"modified":"2026-03-13T11:33:02","modified_gmt":"2026-03-13T14:33:02","slug":"las-quinas-dulce-de-leche-sin-azucar-450g-sin-tacc","status":"publish","type":"product","link":"https:\/\/distribuidoradelcampo.com.ar\/catalogo\/producto\/las-quinas-dulce-de-leche-sin-azucar-450g-sin-tacc\/","title":{"rendered":"LAS QUINAS, Dulce de Leche SIN AZUCAR, 450g, SIN TACC"},"content":{"rendered":"<p>Un \u201cclasico de clasicos\u201d. Un producto que identifica a la Argentina en el mundo. Desde el siglo XIV esta tradici\u00f3n argentina por el dulce de leche ha ido pasando de generaci\u00f3n en generaci\u00f3n.<br \/>\nEn Las Quinas usamos las recetas artesanales pero utilizando los mas estrictos controles de calidad e higiene, para ofrecer al mercado internacional y nacional un producto delikattessen de calidad Premium.<br \/>\nUn dulce de leche de delicado sabor y de textura suave y cremosa.<\/p>\n<p><img decoding=\"async\" class=\"img-responsive modal-ico\" src=\"http:\/\/www.lasquinas.com.ar\/img\/mapo_ico.png\" \/> <img decoding=\"async\" class=\"img-responsive modal-ico\" src=\"http:\/\/www.lasquinas.com.ar\/img\/sin_tacc_ico.png\" \/><\/p>\n","protected":false},"excerpt":{"rendered":"<p>Un \u201cclasico de clasicos\u201d. Un producto que identifica a la Argentina en el mundo. Desde el siglo XIV esta tradici\u00f3n argentina por el dulce de leche ha ido pasando de generaci\u00f3n en generaci\u00f3n. En Las Quinas usamos las recetas artesanales pero utilizando los mas estrictos controles de calidad e higiene, para ofrecer al mercado internacional [&hellip;]<\/p>\n","protected":false},"featured_media":15262,"comment_status":"closed","ping_status":"closed","template":"","meta":[],"product_brand":[898],"product_cat":[45,399,398],"product_tag":[18,26,487,33,133],"class_list":{"0":"post-15261","1":"product","2":"type-product","3":"status-publish","4":"has-post-thumbnail","6":"product_brand-las-quinas","7":"product_cat-dulce-de-leche","8":"product_cat-sin-azucar-agregada","9":"product_cat-sin-tacc","10":"product_tag-azucar","11":"product_tag-dulce","12":"product_tag-las-quinas","13":"product_tag-sin-azucar","14":"product_tag-stevia","16":"first","17":"instock","18":"purchasable","19":"product-type-simple"},"_links":{"self":[{"href":"https:\/\/distribuidoradelcampo.com.ar\/catalogo\/wp-json\/wp\/v2\/product\/15261","targetHints":{"allow":["GET"]}}],"collection":[{"href":"https:\/\/distribuidoradelcampo.com.ar\/catalogo\/wp-json\/wp\/v2\/product"}],"about":[{"href":"https:\/\/distribuidoradelcampo.com.ar\/catalogo\/wp-json\/wp\/v2\/types\/product"}],"replies":[{"embeddable":true,"href":"https:\/\/distribuidoradelcampo.com.ar\/catalogo\/wp-json\/wp\/v2\/comments?post=15261"}],"version-history":[{"count":2,"href":"https:\/\/distribuidoradelcampo.com.ar\/catalogo\/wp-json\/wp\/v2\/product\/15261\/revisions"}],"predecessor-version":[{"id":16771,"href":"https:\/\/distribuidoradelcampo.com.ar\/catalogo\/wp-json\/wp\/v2\/product\/15261\/revisions\/16771"}],"wp:featuredmedia":[{"embeddable":true,"href":"https:\/\/distribuidoradelcampo.com.ar\/catalogo\/wp-json\/wp\/v2\/media\/15262"}],"wp:attachment":[{"href":"https:\/\/distribuidoradelcampo.com.ar\/catalogo\/wp-json\/wp\/v2\/media?parent=15261"}],"wp:term":[{"taxonomy":"product_brand","embeddable":true,"href":"https:\/\/distribuidoradelcampo.com.ar\/catalogo\/wp-json\/wp\/v2\/product_brand?post=15261"},{"taxonomy":"product_cat","embeddable":true,"href":"https:\/\/distribuidoradelcampo.com.ar\/catalogo\/wp-json\/wp\/v2\/product_cat?post=15261"},{"taxonomy":"product_tag","embeddable":true,"href":"https:\/\/distribuidoradelcampo.com.ar\/catalogo\/wp-json\/wp\/v2\/product_tag?post=15261"}],"curies":[{"name":"wp","href":"https:\/\/api.w.org\/{rel}","templated":true}]}}