{"id":14487,"date":"2024-03-07T17:06:29","date_gmt":"2024-03-07T20:06:29","guid":{"rendered":"https:\/\/distribuidoradelcampo.com.ar\/catalogo\/?post_type=product&#038;p=14487"},"modified":"2026-01-30T09:07:40","modified_gmt":"2026-01-30T12:07:40","slug":"la-riojana-aceite-de-oliva-organico-virgen-extra-extraido-en-frio-5l","status":"publish","type":"product","link":"https:\/\/distribuidoradelcampo.com.ar\/catalogo\/producto\/la-riojana-aceite-de-oliva-organico-virgen-extra-extraido-en-frio-5l\/","title":{"rendered":"LA RIOJANA, Aceite de oliva ORG\u00c1NICO virgen extra, extra\u00eddo en fr\u00edo, 5L"},"content":{"rendered":"<p>Chilecito, La Rioja. Este aceite de alta gama ha ganado el PREMIO BIOL en Italia y los principales premios en concursos internacionales de Mendoza y Argentina.<\/p>\n","protected":false},"excerpt":{"rendered":"<p>Chilecito, La Rioja. Este aceite de alta gama ha ganado el PREMIO BIOL en Italia y los principales premios en concursos internacionales de Mendoza y Argentina.<\/p>\n","protected":false},"featured_media":14488,"comment_status":"closed","ping_status":"closed","template":"","meta":[],"product_brand":[896],"product_cat":[75,397,401],"product_tag":[76,411,176,32,412],"class_list":{"0":"post-14487","1":"product","2":"type-product","3":"status-publish","4":"has-post-thumbnail","6":"product_brand-la-riojana","7":"product_cat-aceites","8":"product_cat-organicos","9":"product_cat-veggie","10":"product_tag-aceite","11":"product_tag-extraido-en-frio","12":"product_tag-oliva","13":"product_tag-organico","14":"product_tag-riojana","16":"first","17":"onbackorder","18":"purchasable","19":"product-type-simple"},"_links":{"self":[{"href":"https:\/\/distribuidoradelcampo.com.ar\/catalogo\/wp-json\/wp\/v2\/product\/14487","targetHints":{"allow":["GET"]}}],"collection":[{"href":"https:\/\/distribuidoradelcampo.com.ar\/catalogo\/wp-json\/wp\/v2\/product"}],"about":[{"href":"https:\/\/distribuidoradelcampo.com.ar\/catalogo\/wp-json\/wp\/v2\/types\/product"}],"replies":[{"embeddable":true,"href":"https:\/\/distribuidoradelcampo.com.ar\/catalogo\/wp-json\/wp\/v2\/comments?post=14487"}],"version-history":[{"count":1,"href":"https:\/\/distribuidoradelcampo.com.ar\/catalogo\/wp-json\/wp\/v2\/product\/14487\/revisions"}],"predecessor-version":[{"id":14489,"href":"https:\/\/distribuidoradelcampo.com.ar\/catalogo\/wp-json\/wp\/v2\/product\/14487\/revisions\/14489"}],"wp:featuredmedia":[{"embeddable":true,"href":"https:\/\/distribuidoradelcampo.com.ar\/catalogo\/wp-json\/wp\/v2\/media\/14488"}],"wp:attachment":[{"href":"https:\/\/distribuidoradelcampo.com.ar\/catalogo\/wp-json\/wp\/v2\/media?parent=14487"}],"wp:term":[{"taxonomy":"product_brand","embeddable":true,"href":"https:\/\/distribuidoradelcampo.com.ar\/catalogo\/wp-json\/wp\/v2\/product_brand?post=14487"},{"taxonomy":"product_cat","embeddable":true,"href":"https:\/\/distribuidoradelcampo.com.ar\/catalogo\/wp-json\/wp\/v2\/product_cat?post=14487"},{"taxonomy":"product_tag","embeddable":true,"href":"https:\/\/distribuidoradelcampo.com.ar\/catalogo\/wp-json\/wp\/v2\/product_tag?post=14487"}],"curies":[{"name":"wp","href":"https:\/\/api.w.org\/{rel}","templated":true}]}}