{"id":11917,"date":"2023-03-20T13:26:45","date_gmt":"2023-03-20T16:26:45","guid":{"rendered":"https:\/\/distribuidoradelcampo.com.ar\/catalogo\/?post_type=product&#038;p=11917"},"modified":"2026-01-29T11:54:19","modified_gmt":"2026-01-29T14:54:19","slug":"beepure-dulce-de-frambuesa-270g","status":"publish","type":"product","link":"https:\/\/distribuidoradelcampo.com.ar\/catalogo\/producto\/beepure-dulce-de-frambuesa-270g\/","title":{"rendered":"BEEPURE, Dulce de Frambuesa, 270g"},"content":{"rendered":"<p dir=\"ltr\">El dulce artesanal de frambuesa BEEPURE est\u00e1 preparado con frambuesa org\u00e1nica de El Bols\u00f3n, R\u00edo Negro. Lo elaboramos con fruta entera, lo que permite disfrutar de la textura t\u00edpica de los dulces de la Patagonia argentina.<\/p>\n<p dir=\"ltr\">Es \u00fanico para untar tostadas, rellenar panqueques y hasta para cocinar cheesecake y tartas dulces.<\/p>\n<p dir=\"ltr\"><strong>Ingredientes:\u00a0<\/strong>frambuesas org\u00e1nicas certificadas, az\u00facar rubia certificada, pectina (aglutinante natural de la fruta).<\/p>\n","protected":false},"excerpt":{"rendered":"<p>El dulce artesanal de frambuesa BEEPURE est\u00e1 preparado con frambuesa org\u00e1nica de El Bols\u00f3n, R\u00edo Negro. Lo elaboramos con fruta entera, lo que permite disfrutar de la textura t\u00edpica de los dulces de la Patagonia argentina. Es \u00fanico para untar tostadas, rellenar panqueques y hasta para cocinar cheesecake y tartas dulces. Ingredientes:\u00a0frambuesas org\u00e1nicas certificadas, az\u00facar [&hellip;]<\/p>\n","protected":false},"featured_media":17111,"comment_status":"closed","ping_status":"closed","template":"","meta":[],"product_brand":[871],"product_cat":[17],"product_tag":[18,29,30,22,31,32],"class_list":{"0":"post-11917","1":"product","2":"type-product","3":"status-publish","4":"has-post-thumbnail","6":"product_brand-beepure","7":"product_cat-mermeladas","8":"product_tag-azucar","9":"product_tag-beepure","10":"product_tag-frambuesa","11":"product_tag-mermelada","12":"product_tag-organica","13":"product_tag-organico","15":"first","16":"instock","17":"purchasable","18":"product-type-simple"},"_links":{"self":[{"href":"https:\/\/distribuidoradelcampo.com.ar\/catalogo\/wp-json\/wp\/v2\/product\/11917","targetHints":{"allow":["GET"]}}],"collection":[{"href":"https:\/\/distribuidoradelcampo.com.ar\/catalogo\/wp-json\/wp\/v2\/product"}],"about":[{"href":"https:\/\/distribuidoradelcampo.com.ar\/catalogo\/wp-json\/wp\/v2\/types\/product"}],"replies":[{"embeddable":true,"href":"https:\/\/distribuidoradelcampo.com.ar\/catalogo\/wp-json\/wp\/v2\/comments?post=11917"}],"version-history":[{"count":2,"href":"https:\/\/distribuidoradelcampo.com.ar\/catalogo\/wp-json\/wp\/v2\/product\/11917\/revisions"}],"predecessor-version":[{"id":15195,"href":"https:\/\/distribuidoradelcampo.com.ar\/catalogo\/wp-json\/wp\/v2\/product\/11917\/revisions\/15195"}],"wp:featuredmedia":[{"embeddable":true,"href":"https:\/\/distribuidoradelcampo.com.ar\/catalogo\/wp-json\/wp\/v2\/media\/17111"}],"wp:attachment":[{"href":"https:\/\/distribuidoradelcampo.com.ar\/catalogo\/wp-json\/wp\/v2\/media?parent=11917"}],"wp:term":[{"taxonomy":"product_brand","embeddable":true,"href":"https:\/\/distribuidoradelcampo.com.ar\/catalogo\/wp-json\/wp\/v2\/product_brand?post=11917"},{"taxonomy":"product_cat","embeddable":true,"href":"https:\/\/distribuidoradelcampo.com.ar\/catalogo\/wp-json\/wp\/v2\/product_cat?post=11917"},{"taxonomy":"product_tag","embeddable":true,"href":"https:\/\/distribuidoradelcampo.com.ar\/catalogo\/wp-json\/wp\/v2\/product_tag?post=11917"}],"curies":[{"name":"wp","href":"https:\/\/api.w.org\/{rel}","templated":true}]}}