{"id":979,"date":"2020-10-19T13:00:16","date_gmt":"2020-10-19T16:00:16","guid":{"rendered":"https:\/\/distribuidoradelcampo.com.ar\/catalogo\/?page_id=979"},"modified":"2020-11-26T09:10:06","modified_gmt":"2020-11-26T12:10:06","slug":"quienes-somos","status":"publish","type":"page","link":"https:\/\/distribuidoradelcampo.com.ar\/catalogo\/quienes-somos\/","title":{"rendered":"Qui\u00e9nes somos"},"content":{"rendered":"\t\t<div data-elementor-type=\"wp-page\" data-elementor-id=\"979\" class=\"elementor elementor-979\" data-elementor-post-type=\"page\">\n\t\t\t\t\t\t<section class=\"elementor-section elementor-top-section elementor-element elementor-element-a920d09 elementor-section-full_width elementor-section-stretched elementor-section-height-default elementor-section-height-default\" data-id=\"a920d09\" data-element_type=\"section\" data-e-type=\"section\" data-settings=\"{&quot;background_background&quot;:&quot;classic&quot;,&quot;stretch_section&quot;:&quot;section-stretched&quot;}\">\n\t\t\t\t\t\t<div class=\"elementor-container elementor-column-gap-no\">\n\t\t\t\t\t<div class=\"elementor-column elementor-col-100 elementor-top-column elementor-element elementor-element-55fd186\" data-id=\"55fd186\" data-element_type=\"column\" data-e-type=\"column\">\n\t\t\t<div class=\"elementor-widget-wrap elementor-element-populated\">\n\t\t\t\t\t\t<div class=\"elementor-element elementor-element-1d390fc elementor-skin-slideshow elementor-arrows-yes elementor-widget elementor-widget-media-carousel\" data-id=\"1d390fc\" data-element_type=\"widget\" data-e-type=\"widget\" data-settings=\"{&quot;skin&quot;:&quot;slideshow&quot;,&quot;effect&quot;:&quot;fade&quot;,&quot;space_between&quot;:{&quot;unit&quot;:&quot;px&quot;,&quot;size&quot;:0,&quot;sizes&quot;:[]},&quot;show_arrows&quot;:&quot;yes&quot;,&quot;speed&quot;:500,&quot;autoplay&quot;:&quot;yes&quot;,&quot;autoplay_speed&quot;:5000,&quot;loop&quot;:&quot;yes&quot;,&quot;pause_on_hover&quot;:&quot;yes&quot;,&quot;pause_on_interaction&quot;:&quot;yes&quot;,&quot;space_between_tablet&quot;:{&quot;unit&quot;:&quot;px&quot;,&quot;size&quot;:10,&quot;sizes&quot;:[]},&quot;space_between_mobile&quot;:{&quot;unit&quot;:&quot;px&quot;,&quot;size&quot;:10,&quot;sizes&quot;:[]}}\" data-widget_type=\"media-carousel.default\">\n\t\t\t\t<div class=\"elementor-widget-container\">\n\t\t\t\t\t\t\t\t\t<div class=\"elementor-swiper\">\n\t\t\t\t\t<div class=\"elementor-main-swiper swiper\" role=\"region\" aria-roledescription=\"carousel\" aria-label=\"Diapositivas\">\n\t\t\t\t<div class=\"swiper-wrapper\">\n\t\t\t\t\t\t\t\t\t\t\t<div class=\"swiper-slide\" role=\"group\" aria-roledescription=\"slide\">\n\t\t\t\t\t\t\t\t\t<div class=\"elementor-carousel-image\" role=\"img\" aria-label=\"banner-quienes-somos-01\" style=\"background-image: url(&#039;https:\/\/distribuidoradelcampo.com.ar\/catalogo\/wp-content\/uploads\/2020\/11\/banner-quienes-somos-01.jpg&#039;)\">\n\n\t\t\t\n\t\t\t\t\t<\/div>\n\t\t\t\t\t\t\t\t<\/div>\n\t\t\t\t\t\t\t\t\t\t\t<div class=\"swiper-slide\" role=\"group\" aria-roledescription=\"slide\">\n\t\t\t\t\t\t\t\t\t<div class=\"elementor-carousel-image\" role=\"img\" aria-label=\"banner-quienes-somos-02\" style=\"background-image: url(&#039;https:\/\/distribuidoradelcampo.com.ar\/catalogo\/wp-content\/uploads\/2020\/11\/banner-quienes-somos-02.jpg&#039;)\">\n\n\t\t\t\n\t\t\t\t\t<\/div>\n\t\t\t\t\t\t\t\t<\/div>\n\t\t\t\t\t\t\t\t\t\t\t<div class=\"swiper-slide\" role=\"group\" aria-roledescription=\"slide\">\n\t\t\t\t\t\t\t\t\t<div class=\"elementor-carousel-image\" role=\"img\" aria-label=\"banner-quienes-somos-03\" style=\"background-image: url(&#039;https:\/\/distribuidoradelcampo.com.ar\/catalogo\/wp-content\/uploads\/2020\/11\/banner-quienes-somos-03.jpg&#039;)\">\n\n\t\t\t\n\t\t\t\t\t<\/div>\n\t\t\t\t\t\t\t\t<\/div>\n\t\t\t\t\t\t\t\t\t<\/div>\n\t\t\t\t\t\t\t\t\t\t\t\t\t\t\t<div class=\"elementor-swiper-button elementor-swiper-button-prev\" role=\"button\" tabindex=\"0\" aria-label=\"Anterior\">\n\t\t\t\t\t\t\t<i aria-hidden=\"true\" class=\"eicon-chevron-left\"><\/i>\t\t\t\t\t\t<\/div>\n\t\t\t\t\t\t<div class=\"elementor-swiper-button elementor-swiper-button-next\" role=\"button\" tabindex=\"0\" aria-label=\"Siguiente\">\n\t\t\t\t\t\t\t<i aria-hidden=\"true\" class=\"eicon-chevron-right\"><\/i>\t\t\t\t\t\t<\/div>\n\t\t\t\t\t\t\t\t\t\t\t\t\t\t\t\t\t<\/div>\n\t\t\t\t<\/div>\n\t\t\t\t\t\t\t\t<div class=\"elementor-swiper\">\n\t\t\t\t\t<div class=\"elementor-main-swiper swiper elementor-thumbnails-swiper swiper\" role=\"region region\" aria-roledescription=\"carousel carousel\" aria-label=\"Diapositivas Diapositivas\">\n\t\t\t\t<div class=\"swiper-wrapper\">\n\t\t\t\t\t\t\t\t\t\t\t<div class=\"swiper-slide\" role=\"group\" aria-roledescription=\"slide\">\n\t\t\t\t\t\t\t\t\t<div class=\"elementor-carousel-image\" role=\"img\" aria-label=\"banner-quienes-somos-01\" style=\"background-image: url(&#039;https:\/\/distribuidoradelcampo.com.ar\/catalogo\/wp-content\/uploads\/2020\/11\/banner-quienes-somos-01.jpg&#039;)\">\n\n\t\t\t\n\t\t\t\t\t<\/div>\n\t\t\t\t\t\t\t\t<\/div>\n\t\t\t\t\t\t\t\t\t\t\t<div class=\"swiper-slide\" role=\"group\" aria-roledescription=\"slide\">\n\t\t\t\t\t\t\t\t\t<div class=\"elementor-carousel-image\" role=\"img\" aria-label=\"banner-quienes-somos-02\" style=\"background-image: url(&#039;https:\/\/distribuidoradelcampo.com.ar\/catalogo\/wp-content\/uploads\/2020\/11\/banner-quienes-somos-02.jpg&#039;)\">\n\n\t\t\t\n\t\t\t\t\t<\/div>\n\t\t\t\t\t\t\t\t<\/div>\n\t\t\t\t\t\t\t\t\t\t\t<div class=\"swiper-slide\" role=\"group\" aria-roledescription=\"slide\">\n\t\t\t\t\t\t\t\t\t<div class=\"elementor-carousel-image\" role=\"img\" aria-label=\"banner-quienes-somos-03\" style=\"background-image: url(&#039;https:\/\/distribuidoradelcampo.com.ar\/catalogo\/wp-content\/uploads\/2020\/11\/banner-quienes-somos-03.jpg&#039;)\">\n\n\t\t\t\n\t\t\t\t\t<\/div>\n\t\t\t\t\t\t\t\t<\/div>\n\t\t\t\t\t\t\t\t\t<\/div>\n\t\t\t\t\t\t\t\t\t\t\t\t\t\t\t\t\t\t\t\t\t<\/div>\n\t\t\t\t<\/div>\n\t\t\t\t\t\t\t\t<\/div>\n\t\t\t\t<\/div>\n\t\t\t\t\t<\/div>\n\t\t<\/div>\n\t\t\t\t\t<\/div>\n\t\t<\/section>\n\t\t\t\t<section class=\"elementor-section elementor-top-section elementor-element elementor-element-2f57f14 elementor-section-boxed elementor-section-height-default elementor-section-height-default\" data-id=\"2f57f14\" data-element_type=\"section\" data-e-type=\"section\">\n\t\t\t\t\t\t<div class=\"elementor-container elementor-column-gap-default\">\n\t\t\t\t\t<div class=\"elementor-column elementor-col-100 elementor-top-column elementor-element elementor-element-f7f8075\" data-id=\"f7f8075\" data-element_type=\"column\" data-e-type=\"column\">\n\t\t\t<div class=\"elementor-widget-wrap elementor-element-populated\">\n\t\t\t\t\t\t<div class=\"elementor-element elementor-element-dd6c760 elementor-widget elementor-widget-heading\" data-id=\"dd6c760\" data-element_type=\"widget\" data-e-type=\"widget\" data-widget_type=\"heading.default\">\n\t\t\t\t<div class=\"elementor-widget-container\">\n\t\t\t\t\t<h1 class=\"elementor-heading-title elementor-size-default\">Qui\u00e9nes somos<\/h1>\t\t\t\t<\/div>\n\t\t\t\t<\/div>\n\t\t\t\t<div class=\"elementor-element elementor-element-a75b371 elementor-widget elementor-widget-text-editor\" data-id=\"a75b371\" data-element_type=\"widget\" data-e-type=\"widget\" data-widget_type=\"text-editor.default\">\n\t\t\t\t<div class=\"elementor-widget-container\">\n\t\t\t\t\t\t\t\t\t<p><span style=\"color: #3a6913;\"><strong>Distribuidora Del Campo<\/strong><\/span> nace del encuentro de dos personas y sus propias pasiones.<\/p>\n<p>Por un lado, <b>Fabi\u00e1n<\/b>, comprometido desde hace m\u00e1s de 20 a\u00f1os con la entrega responsable, en tiempo y forma de cada producto. Y por otro, <b>Silvana<\/b>, con su pasi\u00f3n de servicio y desarrollo de cada cliente, formando juntos, un equipo de confianza, apoyo mutuo y crecimiento continuo.<\/p>\n<p><b>Es as\u00ed como, desde Distribuidora Del Campo, escuchamos, actuamos y nos comprometemos con cada local y para nosotros, las necesidades y objetivos de cada uno&#8230; son los nuestros!<\/b><\/p>\n<p>Casi como un proceso cont\u00ednuo, sumamos al cat\u00e1logo aquellos productos que ustedes mismos nos sugieren y tambi\u00e9n, aquellos en los que creemos y confiamos para alimentarnos saludablemente. Esta fue otra de las razones de nuestra gestaci\u00f3n como empresa, somos nuestros propios consumidores. Y deseamos que cada vez seamos m\u00e1s los que nos cuidemos incorporando alimentos saludables, ricos y al mejor precio del mercado.<\/p>\n<p>Y porque Del Campo? Porque nuestro primer concepto fue ofrecer productos saludables de nuestro querido Entre R\u00edos a Buenos Aires, pero pronto nos dimos cuenta, que tambi\u00e9n muchas marcas necesitaban acercarse a Entre R\u00edos, y entonces desarrollamos la distribuci\u00f3n en ambos sentidos. Expandi\u00e9ndonos siempre con esta misma filosof\u00eda, en las \u00faltimas semanas, sumamos La Pampa y estamos desarrollando nuestra estrategia para desembarcar en todo el pa\u00eds.<\/p>\n<p><b>Este crecimiento, que hoy nos enorgullece, fue posible gracias al apoyo y confianza de nuestros primeros proveedores: Mi Soja, Beepure y Pleny. Ellos nos permitieron salir a hacer lo que m\u00e1s nos apasiona y muy pronto se sumaron m\u00e1s de 30 empresas.<\/b><\/p>\n<p><b>Hoy, lo m\u00e1s emocionante para nosotros, es que \u201csomos mucho m\u00e1s que dos\u201d y aun as\u00ed, mantenemos nuestra esencia como equipo de trabajo apasionado, comprometido y dedicado 100% a cada cliente.<\/b><\/p>\n<p>\u00bfTiene un local? Sea almac\u00e9n o diet\u00e9tica, y no importa donde se encuentre, cont\u00e1ctese con nosotros y con gusto lo sumaremos a nuestra red de locales. <\/p>\t\t\t\t\t\t\t\t<\/div>\n\t\t\t\t<\/div>\n\t\t\t\t\t<\/div>\n\t\t<\/div>\n\t\t\t\t\t<\/div>\n\t\t<\/section>\n\t\t\t\t<section class=\"elementor-section elementor-top-section elementor-element elementor-element-a8d35b6 elementor-section-boxed elementor-section-height-default elementor-section-height-default\" data-id=\"a8d35b6\" data-element_type=\"section\" data-e-type=\"section\">\n\t\t\t\t\t\t<div class=\"elementor-container elementor-column-gap-default\">\n\t\t\t\t\t<div class=\"elementor-column elementor-col-100 elementor-top-column elementor-element elementor-element-b9ef7db\" data-id=\"b9ef7db\" data-element_type=\"column\" data-e-type=\"column\">\n\t\t\t<div class=\"elementor-widget-wrap elementor-element-populated\">\n\t\t\t\t\t\t<div class=\"elementor-element elementor-element-4f0645f elementor-widget elementor-widget-shortcode\" data-id=\"4f0645f\" data-element_type=\"widget\" data-e-type=\"widget\" data-widget_type=\"shortcode.default\">\n\t\t\t\t<div class=\"elementor-widget-container\">\n\t\t\t\t\t\t\t<div class=\"elementor-shortcode\">\t\t<div data-elementor-type=\"section\" data-elementor-id=\"2562\" class=\"elementor elementor-2562\" data-elementor-post-type=\"elementor_library\">\n\t\t\t\t\t<section class=\"elementor-section elementor-top-section elementor-element elementor-element-20e91cf2 elementor-section-boxed elementor-section-height-default elementor-section-height-default\" data-id=\"20e91cf2\" data-element_type=\"section\" data-e-type=\"section\">\n\t\t\t\t\t\t<div class=\"elementor-container elementor-column-gap-wide\">\n\t\t\t\t\t<div class=\"elementor-column elementor-col-25 elementor-top-column elementor-element elementor-element-73e849ea\" data-id=\"73e849ea\" data-element_type=\"column\" data-e-type=\"column\">\n\t\t\t<div class=\"elementor-widget-wrap elementor-element-populated\">\n\t\t\t\t\t\t<div class=\"elementor-element elementor-element-3d75e0f elementor-widget elementor-widget-image\" data-id=\"3d75e0f\" data-element_type=\"widget\" data-e-type=\"widget\" data-widget_type=\"image.default\">\n\t\t\t\t<div class=\"elementor-widget-container\">\n\t\t\t\t\t\t\t\t\t\t\t\t\t\t\t\t<a href=\"https:\/\/distribuidoradelcampo.com.ar\/catalogo\/categoria-producto\/productos\/veggie\/\">\n\t\t\t\t\t\t\t<img fetchpriority=\"high\" decoding=\"async\" width=\"900\" height=\"900\" src=\"https:\/\/distribuidoradelcampo.com.ar\/catalogo\/wp-content\/uploads\/2020\/11\/vegano.jpg\" class=\"attachment-large size-large wp-image-2587\" alt=\"\" srcset=\"https:\/\/distribuidoradelcampo.com.ar\/catalogo\/wp-content\/uploads\/2020\/11\/vegano.jpg 900w, https:\/\/distribuidoradelcampo.com.ar\/catalogo\/wp-content\/uploads\/2020\/11\/vegano-300x300.jpg 300w, https:\/\/distribuidoradelcampo.com.ar\/catalogo\/wp-content\/uploads\/2020\/11\/vegano-150x150.jpg 150w, https:\/\/distribuidoradelcampo.com.ar\/catalogo\/wp-content\/uploads\/2020\/11\/vegano-768x768.jpg 768w, https:\/\/distribuidoradelcampo.com.ar\/catalogo\/wp-content\/uploads\/2020\/11\/vegano-324x324.jpg 324w, https:\/\/distribuidoradelcampo.com.ar\/catalogo\/wp-content\/uploads\/2020\/11\/vegano-416x416.jpg 416w, https:\/\/distribuidoradelcampo.com.ar\/catalogo\/wp-content\/uploads\/2020\/11\/vegano-100x100.jpg 100w, https:\/\/distribuidoradelcampo.com.ar\/catalogo\/wp-content\/uploads\/2020\/11\/vegano-64x64.jpg 64w\" sizes=\"(max-width: 900px) 100vw, 900px\" \/>\t\t\t\t\t\t\t\t<\/a>\n\t\t\t\t\t\t\t\t\t\t\t\t\t\t\t<\/div>\n\t\t\t\t<\/div>\n\t\t\t\t<div class=\"elementor-element elementor-element-45ad331c boton-inferior elementor-widget elementor-widget-heading\" data-id=\"45ad331c\" data-element_type=\"widget\" data-e-type=\"widget\" data-widget_type=\"heading.default\">\n\t\t\t\t<div class=\"elementor-widget-container\">\n\t\t\t\t\t<h2 class=\"elementor-heading-title elementor-size-default\"><a href=\"https:\/\/distribuidoradelcampo.com.ar\/catalogo\/categoria-producto\/productos\/veggie\/\">VEGANO<\/a><\/h2>\t\t\t\t<\/div>\n\t\t\t\t<\/div>\n\t\t\t\t\t<\/div>\n\t\t<\/div>\n\t\t\t\t<div class=\"elementor-column elementor-col-25 elementor-top-column elementor-element elementor-element-4e434385\" data-id=\"4e434385\" data-element_type=\"column\" data-e-type=\"column\">\n\t\t\t<div class=\"elementor-widget-wrap elementor-element-populated\">\n\t\t\t\t\t\t<div class=\"elementor-element elementor-element-4ac4ab3 elementor-widget elementor-widget-image\" data-id=\"4ac4ab3\" data-element_type=\"widget\" data-e-type=\"widget\" data-widget_type=\"image.default\">\n\t\t\t\t<div class=\"elementor-widget-container\">\n\t\t\t\t\t\t\t\t\t\t\t\t\t\t\t\t<a href=\"https:\/\/distribuidoradelcampo.com.ar\/catalogo\/categoria-producto\/sin-tacc\/\">\n\t\t\t\t\t\t\t<img decoding=\"async\" width=\"900\" height=\"900\" src=\"https:\/\/distribuidoradelcampo.com.ar\/catalogo\/wp-content\/uploads\/2020\/11\/sintacc.jpg\" class=\"attachment-large size-large wp-image-2592\" alt=\"\" srcset=\"https:\/\/distribuidoradelcampo.com.ar\/catalogo\/wp-content\/uploads\/2020\/11\/sintacc.jpg 900w, https:\/\/distribuidoradelcampo.com.ar\/catalogo\/wp-content\/uploads\/2020\/11\/sintacc-300x300.jpg 300w, https:\/\/distribuidoradelcampo.com.ar\/catalogo\/wp-content\/uploads\/2020\/11\/sintacc-150x150.jpg 150w, https:\/\/distribuidoradelcampo.com.ar\/catalogo\/wp-content\/uploads\/2020\/11\/sintacc-768x768.jpg 768w, https:\/\/distribuidoradelcampo.com.ar\/catalogo\/wp-content\/uploads\/2020\/11\/sintacc-324x324.jpg 324w, https:\/\/distribuidoradelcampo.com.ar\/catalogo\/wp-content\/uploads\/2020\/11\/sintacc-416x416.jpg 416w, https:\/\/distribuidoradelcampo.com.ar\/catalogo\/wp-content\/uploads\/2020\/11\/sintacc-100x100.jpg 100w, https:\/\/distribuidoradelcampo.com.ar\/catalogo\/wp-content\/uploads\/2020\/11\/sintacc-64x64.jpg 64w\" sizes=\"(max-width: 900px) 100vw, 900px\" \/>\t\t\t\t\t\t\t\t<\/a>\n\t\t\t\t\t\t\t\t\t\t\t\t\t\t\t<\/div>\n\t\t\t\t<\/div>\n\t\t\t\t<div class=\"elementor-element elementor-element-7b231f9 elementor-widget elementor-widget-heading\" data-id=\"7b231f9\" data-element_type=\"widget\" data-e-type=\"widget\" data-widget_type=\"heading.default\">\n\t\t\t\t<div class=\"elementor-widget-container\">\n\t\t\t\t\t<h2 class=\"elementor-heading-title elementor-size-default\"><a href=\"https:\/\/distribuidoradelcampo.com.ar\/catalogo\/categoria-producto\/sin-tacc\/\">SIN TACC<\/a><\/h2>\t\t\t\t<\/div>\n\t\t\t\t<\/div>\n\t\t\t\t\t<\/div>\n\t\t<\/div>\n\t\t\t\t<div class=\"elementor-column elementor-col-25 elementor-top-column elementor-element elementor-element-1f5e0831\" data-id=\"1f5e0831\" data-element_type=\"column\" data-e-type=\"column\">\n\t\t\t<div class=\"elementor-widget-wrap elementor-element-populated\">\n\t\t\t\t\t\t<div class=\"elementor-element elementor-element-a5667d3 elementor-widget elementor-widget-image\" data-id=\"a5667d3\" data-element_type=\"widget\" data-e-type=\"widget\" data-widget_type=\"image.default\">\n\t\t\t\t<div class=\"elementor-widget-container\">\n\t\t\t\t\t\t\t\t\t\t\t\t\t\t\t\t<a href=\"https:\/\/distribuidoradelcampo.com.ar\/catalogo\/categoria-producto\/productos\/organicos\/\">\n\t\t\t\t\t\t\t<img decoding=\"async\" width=\"900\" height=\"900\" src=\"https:\/\/distribuidoradelcampo.com.ar\/catalogo\/wp-content\/uploads\/2020\/11\/organico.jpg\" class=\"attachment-large size-large wp-image-2593\" alt=\"\" srcset=\"https:\/\/distribuidoradelcampo.com.ar\/catalogo\/wp-content\/uploads\/2020\/11\/organico.jpg 900w, https:\/\/distribuidoradelcampo.com.ar\/catalogo\/wp-content\/uploads\/2020\/11\/organico-300x300.jpg 300w, https:\/\/distribuidoradelcampo.com.ar\/catalogo\/wp-content\/uploads\/2020\/11\/organico-150x150.jpg 150w, https:\/\/distribuidoradelcampo.com.ar\/catalogo\/wp-content\/uploads\/2020\/11\/organico-768x768.jpg 768w, https:\/\/distribuidoradelcampo.com.ar\/catalogo\/wp-content\/uploads\/2020\/11\/organico-324x324.jpg 324w, https:\/\/distribuidoradelcampo.com.ar\/catalogo\/wp-content\/uploads\/2020\/11\/organico-416x416.jpg 416w, https:\/\/distribuidoradelcampo.com.ar\/catalogo\/wp-content\/uploads\/2020\/11\/organico-100x100.jpg 100w, https:\/\/distribuidoradelcampo.com.ar\/catalogo\/wp-content\/uploads\/2020\/11\/organico-64x64.jpg 64w\" sizes=\"(max-width: 900px) 100vw, 900px\" \/>\t\t\t\t\t\t\t\t<\/a>\n\t\t\t\t\t\t\t\t\t\t\t\t\t\t\t<\/div>\n\t\t\t\t<\/div>\n\t\t\t\t<div class=\"elementor-element elementor-element-63ebbfed elementor-widget elementor-widget-heading\" data-id=\"63ebbfed\" data-element_type=\"widget\" data-e-type=\"widget\" data-widget_type=\"heading.default\">\n\t\t\t\t<div class=\"elementor-widget-container\">\n\t\t\t\t\t<h2 class=\"elementor-heading-title elementor-size-default\"><a href=\"https:\/\/distribuidoradelcampo.com.ar\/catalogo\/categoria-producto\/productos\/organicos\/\">ORG\u00c1NICOS<\/a><\/h2>\t\t\t\t<\/div>\n\t\t\t\t<\/div>\n\t\t\t\t\t<\/div>\n\t\t<\/div>\n\t\t\t\t<div class=\"elementor-column elementor-col-25 elementor-top-column elementor-element elementor-element-7fe3bf31\" data-id=\"7fe3bf31\" data-element_type=\"column\" data-e-type=\"column\">\n\t\t\t<div class=\"elementor-widget-wrap elementor-element-populated\">\n\t\t\t\t\t\t<div class=\"elementor-element elementor-element-41ecb0c elementor-widget elementor-widget-image\" data-id=\"41ecb0c\" data-element_type=\"widget\" data-e-type=\"widget\" data-widget_type=\"image.default\">\n\t\t\t\t<div class=\"elementor-widget-container\">\n\t\t\t\t\t\t\t\t\t\t\t\t\t\t\t\t<a href=\"https:\/\/distribuidoradelcampo.com.ar\/catalogo\/categoria-producto\/productos\/sin-azucar-agregada\/\">\n\t\t\t\t\t\t\t<img loading=\"lazy\" decoding=\"async\" width=\"900\" height=\"900\" src=\"https:\/\/distribuidoradelcampo.com.ar\/catalogo\/wp-content\/uploads\/2020\/11\/diabeticos.jpg\" class=\"attachment-large size-large wp-image-2594\" alt=\"\" srcset=\"https:\/\/distribuidoradelcampo.com.ar\/catalogo\/wp-content\/uploads\/2020\/11\/diabeticos.jpg 900w, https:\/\/distribuidoradelcampo.com.ar\/catalogo\/wp-content\/uploads\/2020\/11\/diabeticos-300x300.jpg 300w, https:\/\/distribuidoradelcampo.com.ar\/catalogo\/wp-content\/uploads\/2020\/11\/diabeticos-150x150.jpg 150w, https:\/\/distribuidoradelcampo.com.ar\/catalogo\/wp-content\/uploads\/2020\/11\/diabeticos-768x768.jpg 768w, https:\/\/distribuidoradelcampo.com.ar\/catalogo\/wp-content\/uploads\/2020\/11\/diabeticos-324x324.jpg 324w, https:\/\/distribuidoradelcampo.com.ar\/catalogo\/wp-content\/uploads\/2020\/11\/diabeticos-416x416.jpg 416w, https:\/\/distribuidoradelcampo.com.ar\/catalogo\/wp-content\/uploads\/2020\/11\/diabeticos-100x100.jpg 100w, https:\/\/distribuidoradelcampo.com.ar\/catalogo\/wp-content\/uploads\/2020\/11\/diabeticos-64x64.jpg 64w\" sizes=\"(max-width: 900px) 100vw, 900px\" \/>\t\t\t\t\t\t\t\t<\/a>\n\t\t\t\t\t\t\t\t\t\t\t\t\t\t\t<\/div>\n\t\t\t\t<\/div>\n\t\t\t\t<div class=\"elementor-element elementor-element-7dcdb9f8 elementor-widget elementor-widget-heading\" data-id=\"7dcdb9f8\" data-element_type=\"widget\" data-e-type=\"widget\" data-widget_type=\"heading.default\">\n\t\t\t\t<div class=\"elementor-widget-container\">\n\t\t\t\t\t<h2 class=\"elementor-heading-title elementor-size-default\"><a href=\"https:\/\/distribuidoradelcampo.com.ar\/catalogo\/categoria-producto\/productos\/sin-azucar-agregada\/\">SIN AZ\u00daCAR AGREGADA<\/a><\/h2>\t\t\t\t<\/div>\n\t\t\t\t<\/div>\n\t\t\t\t\t<\/div>\n\t\t<\/div>\n\t\t\t\t\t<\/div>\n\t\t<\/section>\n\t\t\t\t<\/div>\n\t\t<\/div>\n\t\t\t\t\t\t<\/div>\n\t\t\t\t<\/div>\n\t\t\t\t\t<\/div>\n\t\t<\/div>\n\t\t\t\t\t<\/div>\n\t\t<\/section>\n\t\t\t\t<\/div>\n\t\t","protected":false},"excerpt":{"rendered":"<p>Previous Next Qui\u00e9nes somos Distribuidora Del Campo nace del encuentro de dos personas y sus propias pasiones. Por un lado, Fabi\u00e1n, comprometido desde hace m\u00e1s de 20 a\u00f1os con la entrega responsable, en tiempo y forma de cada producto. Y por otro, Silvana, con su pasi\u00f3n de servicio y desarrollo de cada cliente, formando juntos, [&hellip;]<\/p>\n","protected":false},"author":1,"featured_media":871,"parent":0,"menu_order":0,"comment_status":"closed","ping_status":"closed","template":"elementor_header_footer","meta":{"footnotes":""},"class_list":["post-979","page","type-page","status-publish","has-post-thumbnail","hentry"],"_links":{"self":[{"href":"https:\/\/distribuidoradelcampo.com.ar\/catalogo\/wp-json\/wp\/v2\/pages\/979","targetHints":{"allow":["GET"]}}],"collection":[{"href":"https:\/\/distribuidoradelcampo.com.ar\/catalogo\/wp-json\/wp\/v2\/pages"}],"about":[{"href":"https:\/\/distribuidoradelcampo.com.ar\/catalogo\/wp-json\/wp\/v2\/types\/page"}],"author":[{"embeddable":true,"href":"https:\/\/distribuidoradelcampo.com.ar\/catalogo\/wp-json\/wp\/v2\/users\/1"}],"replies":[{"embeddable":true,"href":"https:\/\/distribuidoradelcampo.com.ar\/catalogo\/wp-json\/wp\/v2\/comments?post=979"}],"version-history":[{"count":26,"href":"https:\/\/distribuidoradelcampo.com.ar\/catalogo\/wp-json\/wp\/v2\/pages\/979\/revisions"}],"predecessor-version":[{"id":3505,"href":"https:\/\/distribuidoradelcampo.com.ar\/catalogo\/wp-json\/wp\/v2\/pages\/979\/revisions\/3505"}],"wp:featuredmedia":[{"embeddable":true,"href":"https:\/\/distribuidoradelcampo.com.ar\/catalogo\/wp-json\/wp\/v2\/media\/871"}],"wp:attachment":[{"href":"https:\/\/distribuidoradelcampo.com.ar\/catalogo\/wp-json\/wp\/v2\/media?parent=979"}],"curies":[{"name":"wp","href":"https:\/\/api.w.org\/{rel}","templated":true}]}}