{"id":965,"date":"2020-10-19T12:42:10","date_gmt":"2020-10-19T15:42:10","guid":{"rendered":"https:\/\/distribuidoradelcampo.com.ar\/catalogo\/?page_id=965"},"modified":"2024-12-10T17:59:50","modified_gmt":"2024-12-10T20:59:50","slug":"como-comprar","status":"publish","type":"page","link":"https:\/\/distribuidoradelcampo.com.ar\/catalogo\/como-comprar\/","title":{"rendered":"C\u00f3mo comprar"},"content":{"rendered":"\t\t<div data-elementor-type=\"wp-page\" data-elementor-id=\"965\" class=\"elementor elementor-965\" data-elementor-post-type=\"page\">\n\t\t\t\t\t\t<section class=\"elementor-section elementor-top-section elementor-element elementor-element-9cef8c4 elementor-section-full_width elementor-section-height-default elementor-section-height-default\" data-id=\"9cef8c4\" data-element_type=\"section\" data-e-type=\"section\" data-settings=\"{&quot;background_background&quot;:&quot;classic&quot;}\">\n\t\t\t\t\t\t<div class=\"elementor-container elementor-column-gap-no\">\n\t\t\t\t\t<div class=\"elementor-column elementor-col-100 elementor-top-column elementor-element elementor-element-5ac62ac\" data-id=\"5ac62ac\" data-element_type=\"column\" data-e-type=\"column\">\n\t\t\t<div class=\"elementor-widget-wrap elementor-element-populated\">\n\t\t\t\t\t\t<div class=\"elementor-element elementor-element-74f1c12 elementor-widget elementor-widget-image\" data-id=\"74f1c12\" data-element_type=\"widget\" data-e-type=\"widget\" data-widget_type=\"image.default\">\n\t\t\t\t<div class=\"elementor-widget-container\">\n\t\t\t\t\t\t\t\t\t\t\t\t\t\t\t<img fetchpriority=\"high\" decoding=\"async\" width=\"980\" height=\"274\" src=\"https:\/\/distribuidoradelcampo.com.ar\/catalogo\/wp-content\/uploads\/2020\/11\/banner-como-comprar-01-1024x286.jpg\" class=\"attachment-large size-large wp-image-2952\" alt=\"\" srcset=\"https:\/\/distribuidoradelcampo.com.ar\/catalogo\/wp-content\/uploads\/2020\/11\/banner-como-comprar-01-1024x286.jpg 1024w, https:\/\/distribuidoradelcampo.com.ar\/catalogo\/wp-content\/uploads\/2020\/11\/banner-como-comprar-01-300x84.jpg 300w, https:\/\/distribuidoradelcampo.com.ar\/catalogo\/wp-content\/uploads\/2020\/11\/banner-como-comprar-01-768x214.jpg 768w, https:\/\/distribuidoradelcampo.com.ar\/catalogo\/wp-content\/uploads\/2020\/11\/banner-como-comprar-01-1536x429.jpg 1536w, https:\/\/distribuidoradelcampo.com.ar\/catalogo\/wp-content\/uploads\/2020\/11\/banner-como-comprar-01-416x116.jpg 416w, https:\/\/distribuidoradelcampo.com.ar\/catalogo\/wp-content\/uploads\/2020\/11\/banner-como-comprar-01-64x18.jpg 64w, https:\/\/distribuidoradelcampo.com.ar\/catalogo\/wp-content\/uploads\/2020\/11\/banner-como-comprar-01.jpg 1853w\" sizes=\"(max-width: 980px) 100vw, 980px\" \/>\t\t\t\t\t\t\t\t\t\t\t\t\t\t\t<\/div>\n\t\t\t\t<\/div>\n\t\t\t\t\t<\/div>\n\t\t<\/div>\n\t\t\t\t\t<\/div>\n\t\t<\/section>\n\t\t\t\t<section class=\"elementor-section elementor-top-section elementor-element elementor-element-2f57f14 elementor-section-boxed elementor-section-height-default elementor-section-height-default\" data-id=\"2f57f14\" data-element_type=\"section\" data-e-type=\"section\">\n\t\t\t\t\t\t<div class=\"elementor-container elementor-column-gap-default\">\n\t\t\t\t\t<div class=\"elementor-column elementor-col-100 elementor-top-column elementor-element elementor-element-f7f8075\" data-id=\"f7f8075\" data-element_type=\"column\" data-e-type=\"column\">\n\t\t\t<div class=\"elementor-widget-wrap elementor-element-populated\">\n\t\t\t\t\t\t<div class=\"elementor-element elementor-element-dd6c760 elementor-widget elementor-widget-heading\" data-id=\"dd6c760\" data-element_type=\"widget\" data-e-type=\"widget\" data-widget_type=\"heading.default\">\n\t\t\t\t<div class=\"elementor-widget-container\">\n\t\t\t\t\t<h1 class=\"elementor-heading-title elementor-size-default\">C\u00f3mo comprar<\/h1>\t\t\t\t<\/div>\n\t\t\t\t<\/div>\n\t\t\t\t<div class=\"elementor-element elementor-element-2a4d1ee elementor-widget elementor-widget-heading\" data-id=\"2a4d1ee\" data-element_type=\"widget\" data-e-type=\"widget\" data-widget_type=\"heading.default\">\n\t\t\t\t<div class=\"elementor-widget-container\">\n\t\t\t\t\t<h2 class=\"elementor-heading-title elementor-size-default\">SI EST\u00c1S REGISTRADO<\/h2>\t\t\t\t<\/div>\n\t\t\t\t<\/div>\n\t\t\t\t<div class=\"elementor-element elementor-element-a75b371 elementor-widget elementor-widget-text-editor\" data-id=\"a75b371\" data-element_type=\"widget\" data-e-type=\"widget\" data-widget_type=\"text-editor.default\">\n\t\t\t\t<div class=\"elementor-widget-container\">\n\t\t\t\t\t\t\t\t\t<p>Podes realizar tu pedido simplemente desde nuestra web. Ingresas, seleccion\u00e1s todos los productos que desees, una vez que terminas tu pedido, vas a tu carrito y listo! en este paso s\u00f3lo realizas tu pedido, no el pago del mismo.<\/p><p>Una vez finalizada la compra, nos pondremos en contacto para coordinar el d\u00eda y franja horaria de la entrega. Tambi\u00e9n te avisaremos si alg\u00fan producto no est\u00e1 en stock y deseas reemplazarlo. En ese momento te confirmaremos el importe total de tu compra.<\/p>\t\t\t\t\t\t\t\t<\/div>\n\t\t\t\t<\/div>\n\t\t\t\t<div class=\"elementor-element elementor-element-519452c elementor-widget elementor-widget-heading\" data-id=\"519452c\" data-element_type=\"widget\" data-e-type=\"widget\" data-widget_type=\"heading.default\">\n\t\t\t\t<div class=\"elementor-widget-container\">\n\t\t\t\t\t<h2 class=\"elementor-heading-title elementor-size-default\">PAGO DE TU COMPRA<\/h2>\t\t\t\t<\/div>\n\t\t\t\t<\/div>\n\t\t\t\t<div class=\"elementor-element elementor-element-91ac802 elementor-widget elementor-widget-text-editor\" data-id=\"91ac802\" data-element_type=\"widget\" data-e-type=\"widget\" data-widget_type=\"text-editor.default\">\n\t\t\t\t<div class=\"elementor-widget-container\">\n\t\t\t\t\t\t\t\t\t<p>El pago de tu compra puede realizarse en efectivo, transferencia o Mercado Pago, al momento de recibir tu entrega.<\/p><p>IMPORTANTE: CONSULTANOS QUE PARTE DE LA COMPRA ES POSIBLE PAGAR POR MERCADO PAGO O TRANSFERENCIA.<\/p>\t\t\t\t\t\t\t\t<\/div>\n\t\t\t\t<\/div>\n\t\t\t\t<div class=\"elementor-element elementor-element-c395b56 elementor-widget elementor-widget-heading\" data-id=\"c395b56\" data-element_type=\"widget\" data-e-type=\"widget\" data-widget_type=\"heading.default\">\n\t\t\t\t<div class=\"elementor-widget-container\">\n\t\t\t\t\t<h2 class=\"elementor-heading-title elementor-size-default\">SI NO EST\u00c1S REGISTRADO<\/h2>\t\t\t\t<\/div>\n\t\t\t\t<\/div>\n\t\t\t\t<div class=\"elementor-element elementor-element-52b9ecd elementor-widget elementor-widget-text-editor\" data-id=\"52b9ecd\" data-element_type=\"widget\" data-e-type=\"widget\" data-widget_type=\"text-editor.default\">\n\t\t\t\t<div class=\"elementor-widget-container\">\n\t\t\t\t\t\t\t\t\t<p>Pod\u00e9s registrarte ingresando a <a href=\"https:\/\/distribuidoradelcampo.com.ar\/catalogo\/mi-cuenta\/\">Mi cuenta<\/a> o bien hacer el pedido y cuando tengas que concretarlo te pediremos los datos para el registro.<\/p>\t\t\t\t\t\t\t\t<\/div>\n\t\t\t\t<\/div>\n\t\t\t\t<div class=\"elementor-element elementor-element-27575be elementor-widget elementor-widget-heading\" data-id=\"27575be\" data-element_type=\"widget\" data-e-type=\"widget\" data-widget_type=\"heading.default\">\n\t\t\t\t<div class=\"elementor-widget-container\">\n\t\t\t\t\t<h2 class=\"elementor-heading-title elementor-size-default\">HORARIO DE ATENCI\u00d3N<\/h2>\t\t\t\t<\/div>\n\t\t\t\t<\/div>\n\t\t\t\t<div class=\"elementor-element elementor-element-405329b elementor-widget elementor-widget-text-editor\" data-id=\"405329b\" data-element_type=\"widget\" data-e-type=\"widget\" data-widget_type=\"text-editor.default\">\n\t\t\t\t<div class=\"elementor-widget-container\">\n\t\t\t\t\t\t\t\t\t<p>De lunes a viernes de 8 a 18hs. pod\u00e9s comunicarte por estas v\u00edas de contacto:<\/p><p><span style=\"color: #3a6913;\">Whatsapp: +54 9 11 3679-7851<\/span><\/p>\t\t\t\t\t\t\t\t<\/div>\n\t\t\t\t<\/div>\n\t\t\t\t\t<\/div>\n\t\t<\/div>\n\t\t\t\t\t<\/div>\n\t\t<\/section>\n\t\t\t\t<section class=\"elementor-section elementor-top-section elementor-element elementor-element-c257619 elementor-section-boxed elementor-section-height-default elementor-section-height-default\" data-id=\"c257619\" data-element_type=\"section\" data-e-type=\"section\">\n\t\t\t\t\t\t<div class=\"elementor-container elementor-column-gap-default\">\n\t\t\t\t\t<div class=\"elementor-column elementor-col-100 elementor-top-column elementor-element elementor-element-9ff0ef6\" data-id=\"9ff0ef6\" data-element_type=\"column\" data-e-type=\"column\">\n\t\t\t<div class=\"elementor-widget-wrap elementor-element-populated\">\n\t\t\t\t\t\t<div class=\"elementor-element elementor-element-aa1947e elementor-widget elementor-widget-shortcode\" data-id=\"aa1947e\" data-element_type=\"widget\" data-e-type=\"widget\" data-widget_type=\"shortcode.default\">\n\t\t\t\t<div class=\"elementor-widget-container\">\n\t\t\t\t\t\t\t<div class=\"elementor-shortcode\">\t\t<div data-elementor-type=\"section\" data-elementor-id=\"2562\" class=\"elementor elementor-2562\" data-elementor-post-type=\"elementor_library\">\n\t\t\t\t\t<section class=\"elementor-section elementor-top-section elementor-element elementor-element-20e91cf2 elementor-section-boxed elementor-section-height-default elementor-section-height-default\" data-id=\"20e91cf2\" data-element_type=\"section\" data-e-type=\"section\">\n\t\t\t\t\t\t<div class=\"elementor-container elementor-column-gap-wide\">\n\t\t\t\t\t<div class=\"elementor-column elementor-col-25 elementor-top-column elementor-element elementor-element-73e849ea\" data-id=\"73e849ea\" data-element_type=\"column\" data-e-type=\"column\">\n\t\t\t<div class=\"elementor-widget-wrap elementor-element-populated\">\n\t\t\t\t\t\t<div class=\"elementor-element elementor-element-3d75e0f elementor-widget elementor-widget-image\" data-id=\"3d75e0f\" data-element_type=\"widget\" data-e-type=\"widget\" data-widget_type=\"image.default\">\n\t\t\t\t<div class=\"elementor-widget-container\">\n\t\t\t\t\t\t\t\t\t\t\t\t\t\t\t\t<a href=\"https:\/\/distribuidoradelcampo.com.ar\/catalogo\/categoria-producto\/productos\/veggie\/\">\n\t\t\t\t\t\t\t<img decoding=\"async\" width=\"900\" height=\"900\" src=\"https:\/\/distribuidoradelcampo.com.ar\/catalogo\/wp-content\/uploads\/2020\/11\/vegano.jpg\" class=\"attachment-large size-large wp-image-2587\" alt=\"\" srcset=\"https:\/\/distribuidoradelcampo.com.ar\/catalogo\/wp-content\/uploads\/2020\/11\/vegano.jpg 900w, https:\/\/distribuidoradelcampo.com.ar\/catalogo\/wp-content\/uploads\/2020\/11\/vegano-300x300.jpg 300w, https:\/\/distribuidoradelcampo.com.ar\/catalogo\/wp-content\/uploads\/2020\/11\/vegano-150x150.jpg 150w, https:\/\/distribuidoradelcampo.com.ar\/catalogo\/wp-content\/uploads\/2020\/11\/vegano-768x768.jpg 768w, https:\/\/distribuidoradelcampo.com.ar\/catalogo\/wp-content\/uploads\/2020\/11\/vegano-324x324.jpg 324w, https:\/\/distribuidoradelcampo.com.ar\/catalogo\/wp-content\/uploads\/2020\/11\/vegano-416x416.jpg 416w, https:\/\/distribuidoradelcampo.com.ar\/catalogo\/wp-content\/uploads\/2020\/11\/vegano-100x100.jpg 100w, https:\/\/distribuidoradelcampo.com.ar\/catalogo\/wp-content\/uploads\/2020\/11\/vegano-64x64.jpg 64w\" sizes=\"(max-width: 900px) 100vw, 900px\" \/>\t\t\t\t\t\t\t\t<\/a>\n\t\t\t\t\t\t\t\t\t\t\t\t\t\t\t<\/div>\n\t\t\t\t<\/div>\n\t\t\t\t<div class=\"elementor-element elementor-element-45ad331c boton-inferior elementor-widget elementor-widget-heading\" data-id=\"45ad331c\" data-element_type=\"widget\" data-e-type=\"widget\" data-widget_type=\"heading.default\">\n\t\t\t\t<div class=\"elementor-widget-container\">\n\t\t\t\t\t<h2 class=\"elementor-heading-title elementor-size-default\"><a href=\"https:\/\/distribuidoradelcampo.com.ar\/catalogo\/categoria-producto\/productos\/veggie\/\">VEGANO<\/a><\/h2>\t\t\t\t<\/div>\n\t\t\t\t<\/div>\n\t\t\t\t\t<\/div>\n\t\t<\/div>\n\t\t\t\t<div class=\"elementor-column elementor-col-25 elementor-top-column elementor-element elementor-element-4e434385\" data-id=\"4e434385\" data-element_type=\"column\" data-e-type=\"column\">\n\t\t\t<div class=\"elementor-widget-wrap elementor-element-populated\">\n\t\t\t\t\t\t<div class=\"elementor-element elementor-element-4ac4ab3 elementor-widget elementor-widget-image\" data-id=\"4ac4ab3\" data-element_type=\"widget\" data-e-type=\"widget\" data-widget_type=\"image.default\">\n\t\t\t\t<div class=\"elementor-widget-container\">\n\t\t\t\t\t\t\t\t\t\t\t\t\t\t\t\t<a href=\"https:\/\/distribuidoradelcampo.com.ar\/catalogo\/categoria-producto\/sin-tacc\/\">\n\t\t\t\t\t\t\t<img decoding=\"async\" width=\"900\" height=\"900\" src=\"https:\/\/distribuidoradelcampo.com.ar\/catalogo\/wp-content\/uploads\/2020\/11\/sintacc.jpg\" class=\"attachment-large size-large wp-image-2592\" alt=\"\" srcset=\"https:\/\/distribuidoradelcampo.com.ar\/catalogo\/wp-content\/uploads\/2020\/11\/sintacc.jpg 900w, https:\/\/distribuidoradelcampo.com.ar\/catalogo\/wp-content\/uploads\/2020\/11\/sintacc-300x300.jpg 300w, https:\/\/distribuidoradelcampo.com.ar\/catalogo\/wp-content\/uploads\/2020\/11\/sintacc-150x150.jpg 150w, https:\/\/distribuidoradelcampo.com.ar\/catalogo\/wp-content\/uploads\/2020\/11\/sintacc-768x768.jpg 768w, https:\/\/distribuidoradelcampo.com.ar\/catalogo\/wp-content\/uploads\/2020\/11\/sintacc-324x324.jpg 324w, https:\/\/distribuidoradelcampo.com.ar\/catalogo\/wp-content\/uploads\/2020\/11\/sintacc-416x416.jpg 416w, https:\/\/distribuidoradelcampo.com.ar\/catalogo\/wp-content\/uploads\/2020\/11\/sintacc-100x100.jpg 100w, https:\/\/distribuidoradelcampo.com.ar\/catalogo\/wp-content\/uploads\/2020\/11\/sintacc-64x64.jpg 64w\" sizes=\"(max-width: 900px) 100vw, 900px\" \/>\t\t\t\t\t\t\t\t<\/a>\n\t\t\t\t\t\t\t\t\t\t\t\t\t\t\t<\/div>\n\t\t\t\t<\/div>\n\t\t\t\t<div class=\"elementor-element elementor-element-7b231f9 elementor-widget elementor-widget-heading\" data-id=\"7b231f9\" data-element_type=\"widget\" data-e-type=\"widget\" data-widget_type=\"heading.default\">\n\t\t\t\t<div class=\"elementor-widget-container\">\n\t\t\t\t\t<h2 class=\"elementor-heading-title elementor-size-default\"><a href=\"https:\/\/distribuidoradelcampo.com.ar\/catalogo\/categoria-producto\/sin-tacc\/\">SIN TACC<\/a><\/h2>\t\t\t\t<\/div>\n\t\t\t\t<\/div>\n\t\t\t\t\t<\/div>\n\t\t<\/div>\n\t\t\t\t<div class=\"elementor-column elementor-col-25 elementor-top-column elementor-element elementor-element-1f5e0831\" data-id=\"1f5e0831\" data-element_type=\"column\" data-e-type=\"column\">\n\t\t\t<div class=\"elementor-widget-wrap elementor-element-populated\">\n\t\t\t\t\t\t<div class=\"elementor-element elementor-element-a5667d3 elementor-widget elementor-widget-image\" data-id=\"a5667d3\" data-element_type=\"widget\" data-e-type=\"widget\" data-widget_type=\"image.default\">\n\t\t\t\t<div class=\"elementor-widget-container\">\n\t\t\t\t\t\t\t\t\t\t\t\t\t\t\t\t<a href=\"https:\/\/distribuidoradelcampo.com.ar\/catalogo\/categoria-producto\/productos\/organicos\/\">\n\t\t\t\t\t\t\t<img loading=\"lazy\" decoding=\"async\" width=\"900\" height=\"900\" src=\"https:\/\/distribuidoradelcampo.com.ar\/catalogo\/wp-content\/uploads\/2020\/11\/organico.jpg\" class=\"attachment-large size-large wp-image-2593\" alt=\"\" srcset=\"https:\/\/distribuidoradelcampo.com.ar\/catalogo\/wp-content\/uploads\/2020\/11\/organico.jpg 900w, https:\/\/distribuidoradelcampo.com.ar\/catalogo\/wp-content\/uploads\/2020\/11\/organico-300x300.jpg 300w, https:\/\/distribuidoradelcampo.com.ar\/catalogo\/wp-content\/uploads\/2020\/11\/organico-150x150.jpg 150w, https:\/\/distribuidoradelcampo.com.ar\/catalogo\/wp-content\/uploads\/2020\/11\/organico-768x768.jpg 768w, https:\/\/distribuidoradelcampo.com.ar\/catalogo\/wp-content\/uploads\/2020\/11\/organico-324x324.jpg 324w, https:\/\/distribuidoradelcampo.com.ar\/catalogo\/wp-content\/uploads\/2020\/11\/organico-416x416.jpg 416w, https:\/\/distribuidoradelcampo.com.ar\/catalogo\/wp-content\/uploads\/2020\/11\/organico-100x100.jpg 100w, https:\/\/distribuidoradelcampo.com.ar\/catalogo\/wp-content\/uploads\/2020\/11\/organico-64x64.jpg 64w\" sizes=\"(max-width: 900px) 100vw, 900px\" \/>\t\t\t\t\t\t\t\t<\/a>\n\t\t\t\t\t\t\t\t\t\t\t\t\t\t\t<\/div>\n\t\t\t\t<\/div>\n\t\t\t\t<div class=\"elementor-element elementor-element-63ebbfed elementor-widget elementor-widget-heading\" data-id=\"63ebbfed\" data-element_type=\"widget\" data-e-type=\"widget\" data-widget_type=\"heading.default\">\n\t\t\t\t<div class=\"elementor-widget-container\">\n\t\t\t\t\t<h2 class=\"elementor-heading-title elementor-size-default\"><a href=\"https:\/\/distribuidoradelcampo.com.ar\/catalogo\/categoria-producto\/productos\/organicos\/\">ORG\u00c1NICOS<\/a><\/h2>\t\t\t\t<\/div>\n\t\t\t\t<\/div>\n\t\t\t\t\t<\/div>\n\t\t<\/div>\n\t\t\t\t<div class=\"elementor-column elementor-col-25 elementor-top-column elementor-element elementor-element-7fe3bf31\" data-id=\"7fe3bf31\" data-element_type=\"column\" data-e-type=\"column\">\n\t\t\t<div class=\"elementor-widget-wrap elementor-element-populated\">\n\t\t\t\t\t\t<div class=\"elementor-element elementor-element-41ecb0c elementor-widget elementor-widget-image\" data-id=\"41ecb0c\" data-element_type=\"widget\" data-e-type=\"widget\" data-widget_type=\"image.default\">\n\t\t\t\t<div class=\"elementor-widget-container\">\n\t\t\t\t\t\t\t\t\t\t\t\t\t\t\t\t<a href=\"https:\/\/distribuidoradelcampo.com.ar\/catalogo\/categoria-producto\/productos\/sin-azucar-agregada\/\">\n\t\t\t\t\t\t\t<img loading=\"lazy\" decoding=\"async\" width=\"900\" height=\"900\" src=\"https:\/\/distribuidoradelcampo.com.ar\/catalogo\/wp-content\/uploads\/2020\/11\/diabeticos.jpg\" class=\"attachment-large size-large wp-image-2594\" alt=\"\" srcset=\"https:\/\/distribuidoradelcampo.com.ar\/catalogo\/wp-content\/uploads\/2020\/11\/diabeticos.jpg 900w, https:\/\/distribuidoradelcampo.com.ar\/catalogo\/wp-content\/uploads\/2020\/11\/diabeticos-300x300.jpg 300w, https:\/\/distribuidoradelcampo.com.ar\/catalogo\/wp-content\/uploads\/2020\/11\/diabeticos-150x150.jpg 150w, https:\/\/distribuidoradelcampo.com.ar\/catalogo\/wp-content\/uploads\/2020\/11\/diabeticos-768x768.jpg 768w, https:\/\/distribuidoradelcampo.com.ar\/catalogo\/wp-content\/uploads\/2020\/11\/diabeticos-324x324.jpg 324w, https:\/\/distribuidoradelcampo.com.ar\/catalogo\/wp-content\/uploads\/2020\/11\/diabeticos-416x416.jpg 416w, https:\/\/distribuidoradelcampo.com.ar\/catalogo\/wp-content\/uploads\/2020\/11\/diabeticos-100x100.jpg 100w, https:\/\/distribuidoradelcampo.com.ar\/catalogo\/wp-content\/uploads\/2020\/11\/diabeticos-64x64.jpg 64w\" sizes=\"(max-width: 900px) 100vw, 900px\" \/>\t\t\t\t\t\t\t\t<\/a>\n\t\t\t\t\t\t\t\t\t\t\t\t\t\t\t<\/div>\n\t\t\t\t<\/div>\n\t\t\t\t<div class=\"elementor-element elementor-element-7dcdb9f8 elementor-widget elementor-widget-heading\" data-id=\"7dcdb9f8\" data-element_type=\"widget\" data-e-type=\"widget\" data-widget_type=\"heading.default\">\n\t\t\t\t<div class=\"elementor-widget-container\">\n\t\t\t\t\t<h2 class=\"elementor-heading-title elementor-size-default\"><a href=\"https:\/\/distribuidoradelcampo.com.ar\/catalogo\/categoria-producto\/productos\/sin-azucar-agregada\/\">SIN AZ\u00daCAR AGREGADA<\/a><\/h2>\t\t\t\t<\/div>\n\t\t\t\t<\/div>\n\t\t\t\t\t<\/div>\n\t\t<\/div>\n\t\t\t\t\t<\/div>\n\t\t<\/section>\n\t\t\t\t<\/div>\n\t\t<\/div>\n\t\t\t\t\t\t<\/div>\n\t\t\t\t<\/div>\n\t\t\t\t\t<\/div>\n\t\t<\/div>\n\t\t\t\t\t<\/div>\n\t\t<\/section>\n\t\t\t\t<\/div>\n\t\t","protected":false},"excerpt":{"rendered":"<p>C\u00f3mo comprar SI EST\u00c1S REGISTRADO Podes realizar tu pedido simplemente desde nuestra web. Ingresas, seleccion\u00e1s todos los productos que desees, una vez que terminas tu pedido, vas a tu carrito y listo! en este paso s\u00f3lo realizas tu pedido, no el pago del mismo. Una vez finalizada la compra, nos pondremos en contacto para coordinar [&hellip;]<\/p>\n","protected":false},"author":1,"featured_media":871,"parent":0,"menu_order":0,"comment_status":"closed","ping_status":"closed","template":"elementor_header_footer","meta":{"footnotes":""},"class_list":["post-965","page","type-page","status-publish","has-post-thumbnail","hentry"],"_links":{"self":[{"href":"https:\/\/distribuidoradelcampo.com.ar\/catalogo\/wp-json\/wp\/v2\/pages\/965","targetHints":{"allow":["GET"]}}],"collection":[{"href":"https:\/\/distribuidoradelcampo.com.ar\/catalogo\/wp-json\/wp\/v2\/pages"}],"about":[{"href":"https:\/\/distribuidoradelcampo.com.ar\/catalogo\/wp-json\/wp\/v2\/types\/page"}],"author":[{"embeddable":true,"href":"https:\/\/distribuidoradelcampo.com.ar\/catalogo\/wp-json\/wp\/v2\/users\/1"}],"replies":[{"embeddable":true,"href":"https:\/\/distribuidoradelcampo.com.ar\/catalogo\/wp-json\/wp\/v2\/comments?post=965"}],"version-history":[{"count":33,"href":"https:\/\/distribuidoradelcampo.com.ar\/catalogo\/wp-json\/wp\/v2\/pages\/965\/revisions"}],"predecessor-version":[{"id":16359,"href":"https:\/\/distribuidoradelcampo.com.ar\/catalogo\/wp-json\/wp\/v2\/pages\/965\/revisions\/16359"}],"wp:featuredmedia":[{"embeddable":true,"href":"https:\/\/distribuidoradelcampo.com.ar\/catalogo\/wp-json\/wp\/v2\/media\/871"}],"wp:attachment":[{"href":"https:\/\/distribuidoradelcampo.com.ar\/catalogo\/wp-json\/wp\/v2\/media?parent=965"}],"curies":[{"name":"wp","href":"https:\/\/api.w.org\/{rel}","templated":true}]}}